{"id":10,"date":"2020-04-11T13:06:41","date_gmt":"2020-04-11T13:06:41","guid":{"rendered":"https:\/\/bulirsch.eu\/wordpress\/?page_id=10"},"modified":"2024-12-07T10:23:33","modified_gmt":"2024-12-07T10:23:33","slug":"curriculum-vitae","status":"publish","type":"page","link":"https:\/\/bulirsch.eu\/home\/curriculum-vitae\/","title":{"rendered":"Curriculum vitae"},"content":{"rendered":"\n<p class=\"has-text-align-center\">geboren am 10. November 1932 in Reichenberg, verheiratet mit <a href=\"https:\/\/bulirsch.eu\/wordpress\/waltraut\/\">Waltraut Wittke<\/a>,<br>2 T\u00f6chter: <a href=\"https:\/\/bulirsch.eu\/wordpress\/toechter\/\">Vanda und Laelia<\/a>; lebte bis zu seinem Tod am 21. September 2022 in Gauting<\/p>\n\n\n<div class=\"wp-block-image is-resized\">\n<figure class=\"aligncenter size-large\"><img decoding=\"async\" src=\"https:\/\/bulirsch.eu\/wordpress\/wp-content\/uploads\/2020\/04\/RolandBulirsch.8.5.2013-476x1024.jpg\" alt=\"\" style=\"aspect-ratio:1;width:663px;height:auto\"\/><figcaption class=\"wp-element-caption\">8. Mai 2013<\/figcaption><\/figure>\n<\/div>\n\n\n<figure class=\"wp-block-table alignwide is-style-stripes\"><table><tbody><tr><td>1938 &#8211; 1945<\/td><td><a href=\"https:\/\/bulirsch.eu\/wordpress\/geboren-am-10-november-um-750-uhr\/\">geboren am 10. November um 7:50 Uhr<\/a>&nbsp;in&nbsp;Reichenberg\/B\u00f6hmen (heute Liberec,Tschechische Republik)<br>Gestorben in der Nacht zum 21. September 2022 in seinem Heim in Gauting, Deutschland.<\/td><\/tr><tr><td>1938 &#8211; 1945<\/td><td>Volksschule in Neurode und Maffersdorf, Kreis Reichenberg<\/td><\/tr><tr><td>1946<\/td><td>Ausweisung nach N\u00f6rdlingen\/Bayern<\/td><\/tr><tr><td>1947 &#8211; 1951<\/td><td><a href=\"https:\/\/bulirsch.eu\/wordpress\/ausbildung-zum-maschinenschlosser\/\">Ausbildung zum Maschinenschlosser<\/a>&nbsp;bei den Siemens Schuckertwerken (SSW) in N\u00fcrnberg<\/td><\/tr><tr><td>1951<\/td><td><a href=\"https:\/\/bulirsch.eu\/wordpress\/facharbeiterpruefung\/\">Facharbeiterpr\u00fcfung<\/a>&nbsp;im Lehrberuf Maschinenschlosser, abgelegt vor der Industrie- und Handelskammer f\u00fcr Mittelfranken in N\u00fcrnberg<\/td><\/tr><tr><td>1951 &#8211; 1954<\/td><td><a href=\"https:\/\/bulirsch.eu\/wordpress\/monteur-grosser-elektrischer-maschinen\/\">Monteur gro\u00dfer elektrischer Maschinen<\/a>&nbsp;bei SSW; f\u00fcr SSW auf ausw\u00e4rtigen Baustellen (Gro\u00dfkraftwerk Oberau\u00dfem Fortuna u.a.) t\u00e4tig<\/td><\/tr><tr><td>1954<\/td><td><a href=\"https:\/\/bulirsch.eu\/wordpress\/reifepruefung-als-privatschueler\/\">Reifepr\u00fcfung als Privatsch\u00fcler<\/a>&nbsp;an der Oberrealschule N\u00f6rdlingen (erschwertes Abitur mit zahlreichen Zusatzpr\u00fcfungen)<\/td><\/tr><tr><td>1954 &#8211; 1957<\/td><td>Studium der Mathematik und Physik an der Universit\u00e4t M\u00fcnchen und weiterhin in der Montage bei SSW t\u00e4tig<\/td><\/tr><tr><td>1957 &#8211; 1959<\/td><td>Studium der Mathematik, Physik und Ingenieurwissenschaften an der Technischen Hochschule M\u00fcnchen (THM)<\/td><\/tr><tr><td>1959<\/td><td><a href=\"https:\/\/bulirsch.eu\/wordpress\/diplom\/\">Diplompr\u00fcfung<\/a>&nbsp;Technische Hochschule M\u00fcnchen (THM)<\/td><\/tr><tr><td>1961<\/td><td><a href=\"https:\/\/bulirsch.eu\/wordpress\/promotion\/\">Promotion<\/a>&nbsp;zum Dr.rer.nat.&nbsp;<em>Mit Auszeichnung<\/em>&nbsp;an der (THM)<\/td><\/tr><tr><td>1961 &#8211; 1966<\/td><td>Wissenschaftlicher Assistent am Mathematischen Institut der THM<\/td><\/tr><tr><td>1966<\/td><td>Habilitation an der Fakult\u00e4t f\u00fcr Allgemeine Wissenschaften der THM,&nbsp;<a href=\"https:\/\/bulirsch.eu\/wordpress\/ernennung-zum-privatdozenten\/\">Ernennung zum Privatdozenten<\/a>&nbsp;und zum&nbsp;<a href=\"https:\/\/bulirsch.eu\/wordpress\/steineheben\/\">Vertreter<\/a>&nbsp;eines ordentlichen Lehrstuhls f\u00fcr Mathematik<\/td><\/tr><tr><td>1967 &#8211; 1969<\/td><td><em>Visiting associate professor<\/em>, an der&nbsp;<a href=\"http:\/\/www.ucsd.edu\/\" target=\"_blank\" rel=\"noreferrer noopener\">University of California San Diego (UCSD)<\/a>&nbsp;in La Jolla<\/td><\/tr><tr><td>1968<\/td><td>Ruf als&nbsp;<em>full professor<\/em>&nbsp;an die UCSD und als&nbsp;<em>ordentlicher Professor<\/em>&nbsp;an die Universit\u00e4t zu K\u00f6ln<\/td><\/tr><tr><td>1969<\/td><td>Annahme des Rufes nach K\u00f6ln und R\u00fcckkehr nach Deutschland<\/td><\/tr><tr><td>1972<\/td><td>Ruf als&nbsp;<em>ordentlicher Professor<\/em>&nbsp;an die Technische Universit\u00e4t M\u00fcnchen (TUM)<\/td><\/tr><tr><td>1980 &#8211; 1982<\/td><td>Dekan der Fakult\u00e4t f\u00fcr Mathematik und Informatik an der TUM<\/td><\/tr><tr><td>1980 &#8211; 1988<\/td><td>Berufung zum Fachgutachter und Vorsitzenden des Fachgutachterausschusses der&nbsp;<a href=\"http:\/\/www.dfg.de\/\" target=\"_blank\" rel=\"noreferrer noopener\">Deutschen Forschungsgemeinschaft (DFG)<\/a>, Bonn<\/td><\/tr><tr><td>1983 &#8211; 1988<\/td><td>Berufung in den Auswahlausschu\u00df der Alexander von Humboldt-Stiftung, Bonn<\/td><\/tr><tr><td>1989 &#8211; 2001<\/td><td>Projektleiter im Sonderforschungsbereich 255 der DFG: &#8222;Transatmosph\u00e4rische Flugsysteme \u2013 Grundlagen der Aerothermodynamik, Antriebe und Flugmechanik&#8220;<\/td><\/tr><tr><td>1990<\/td><td>Visiting Professor Universidad de Costa Rica, San Jos\u00e9<\/td><\/tr><tr><td>1990 &#8211; 1993<\/td><td>Mitglied einer Kommission des Wissenschaftsrats zur Evaluierung von Instituten der (ehemaligen) Akademie der Wissenschaften der DDR<\/td><\/tr><tr><td>1991 &#8211; 2003<\/td><td><em>Scientific Advisor<\/em>&nbsp;der&nbsp;<a href=\"http:\/\/www.gif.org.il\/\" target=\"_blank\" rel=\"noreferrer noopener\"><em>Deutsch-Israelischen Stiftung<\/em>&nbsp;f\u00fcr wissenschaftliche Forschung und Entwicklung (GIF), Jerusalem<\/a><\/td><\/tr><tr><td>1992 &#8211; 2000<\/td><td>Projektleiter im&nbsp;<a href=\"http:\/\/www5.in.tum.de\/FORTWIHR\/\" target=\"_blank\" rel=\"noreferrer noopener\">Bayerischen Forschungsverbund f\u00fcr Technisch-Wissenschaftliches Hochleistungsrechnen (FORTWIHR)<\/a><\/td><\/tr><tr><td>1994 &#8211; 1996<\/td><td>Dekan der Fakult\u00e4t f\u00fcr Mathematik, TUM<\/td><\/tr><tr><td>1998 &#8211; 2001<\/td><td>Senator der TU M\u00fcnchen<\/td><\/tr><tr><td>1998 &#8211; 2001<\/td><td>Projektleiter im Sonderforschungsbereich 438 der DFG: &#8222;Materialwissenschaften&#8220;<\/td><\/tr><tr><td>1998 &#8211; 2010<\/td><td><a href=\"https:\/\/bulirsch.eu\/anlagen\/Uebergabe_Sekretar_an_Horst_Kessler.pdf\" target=\"_blank\" rel=\"noreferrer noopener\">Sekretar der Mathematisch-Naturwissenschaftlichen Klasse<\/a>&nbsp;der&nbsp;<a href=\"http:\/\/www.badw.de\/\" target=\"_blank\" rel=\"noreferrer noopener\">Bayerischen Akademie der Wissenschaften<\/a><\/td><\/tr><tr><td>1998 &#8211; 2013<\/td><td>Vorsitzender der&nbsp;<a href=\"https:\/\/kepler.badw.de\/\" target=\"_blank\" rel=\"noreferrer noopener\">Kommission f\u00fcr die Herausgabe der Werke von Johannes Kepler<\/a><\/td><\/tr><tr><td>2007<\/td><td><a href=\"https:\/\/bulirsch.eu\/anlagen\/Akademie_Aktuell-75_Jahre.pdf\" target=\"_blank\" rel=\"noreferrer noopener\">Zum 75. Geburtstag<\/a><\/td><\/tr><tr><td>2012<\/td><td><a href=\"https:\/\/bulirsch.eu\/anlagen\/Gratulation-BayerischeMinisterpraesident.80.Geb.2012.pdf\" target=\"_blank\" rel=\"noreferrer noopener\">Der Bayerische Ministerp\u00e4sident zum 80. Geburtstag<\/a><br><a href=\"https:\/\/bulirsch.eu\/anlagen\/Gratulation-RektorPolitechnikaKrakau.80.Geb.2012.jpg\" target=\"_blank\" rel=\"noreferrer noopener\">Der Rektor der Politechnika Krakau zum 80. Geburtstag<\/a><br>Collage zum 80 Geburtstag von Prof. R. Bulirsch:<br><img loading=\"lazy\" decoding=\"async\" width=\"150\" height=\"149\" class=\"wp-image-175\" style=\"width: 150px;\" src=\"https:\/\/bulirsch.eu\/wordpress\/wp-content\/uploads\/2020\/04\/rb_80.png\" alt=\"\" srcset=\"https:\/\/bulirsch.eu\/wordpress\/wp-content\/uploads\/2020\/04\/rb_80.png 2312w, https:\/\/bulirsch.eu\/wordpress\/wp-content\/uploads\/2020\/04\/rb_80-300x300.png 300w, https:\/\/bulirsch.eu\/wordpress\/wp-content\/uploads\/2020\/04\/rb_80-1024x1020.png 1024w, https:\/\/bulirsch.eu\/wordpress\/wp-content\/uploads\/2020\/04\/rb_80-150x150.png 150w, https:\/\/bulirsch.eu\/wordpress\/wp-content\/uploads\/2020\/04\/rb_80-768x765.png 768w, https:\/\/bulirsch.eu\/wordpress\/wp-content\/uploads\/2020\/04\/rb_80-1536x1531.png 1536w, https:\/\/bulirsch.eu\/wordpress\/wp-content\/uploads\/2020\/04\/rb_80-2048x2041.png 2048w\" sizes=\"auto, (max-width: 150px) 100vw, 150px\" \/><a href=\"http:\/\/bulirsch.eu\/anlagen\/Bulirsch_80_Jahre_1.pdf\" target=\"_blank\" rel=\"noreferrer noopener\">Teil1<\/a>, <a href=\"http:\/\/bulirsch.eu\/anlagen\/Bulirsch_80_Jahre_2.pdf\" target=\"_blank\" rel=\"noreferrer noopener\">Teil2<\/a>, <a href=\"http:\/\/bulirsch.eu\/anlagen\/Bulirsch_80_Jahre_3.pdf\" target=\"_blank\" rel=\"noreferrer noopener\">Teil3<\/a><\/td><\/tr><tr><td>2017<\/td><td><a href=\"https:\/\/bulirsch.eu\/anlagen\/Gratulation-BayerischeMinisterpraesident.85.Geb.2017.pdf\" target=\"_blank\" rel=\"noreferrer noopener\">Der Bayerische Ministerp\u00e4sident zum 85. Geburtstag<\/a><\/td><\/tr><\/tbody><\/table><\/figure>\n","protected":false},"excerpt":{"rendered":"<p>geboren am 10. November 1932 in Reichenberg, verheiratet mit Waltraut Wittke,2 T\u00f6chter: Vanda und Laelia; lebte bis zu seinem Tod am 21. September 2022 in Gauting 1938 &#8211; 1945 geboren am 10. November um 7:50 Uhr&nbsp;in&nbsp;Reichenberg\/B\u00f6hmen (heute Liberec,Tschechische Republik)Gestorben in der Nacht zum 21. September 2022 in seinem Heim in [&hellip;]<\/p>\n","protected":false},"author":1,"featured_media":0,"parent":0,"menu_order":1,"comment_status":"closed","ping_status":"closed","template":"","meta":{"footnotes":""},"class_list":["post-10","page","type-page","status-publish","hentry"],"yoast_head":"<!-- This site is optimized with the Yoast SEO plugin v27.4 - https:\/\/yoast.com\/product\/yoast-seo-wordpress\/ -->\n<title>Curriculum vitae - Univ.-Prof. em. Dr. rer.nat. Dr. h.c. mult. Roland Zden\u011bk Bulirsch (Bul\u00ed\u0159)<\/title>\n<meta name=\"robots\" content=\"index, follow, max-snippet:-1, max-image-preview:large, max-video-preview:-1\" \/>\n<link rel=\"canonical\" href=\"https:\/\/bulirsch.eu\/home\/curriculum-vitae\/\" \/>\n<meta property=\"og:locale\" content=\"de_DE\" \/>\n<meta property=\"og:type\" content=\"article\" \/>\n<meta property=\"og:title\" content=\"Curriculum vitae - Univ.-Prof. em. Dr. rer.nat. Dr. h.c. mult. Roland Zden\u011bk Bulirsch (Bul\u00ed\u0159)\" \/>\n<meta property=\"og:description\" content=\"geboren am 10. November 1932 in Reichenberg, verheiratet mit Waltraut Wittke,2 T\u00f6chter: Vanda und Laelia; lebte bis zu seinem Tod am 21. September 2022 in Gauting 1938 &#8211; 1945 geboren am 10. November um 7:50 Uhr&nbsp;in&nbsp;Reichenberg\/B\u00f6hmen (heute Liberec,Tschechische Republik)Gestorben in der Nacht zum 21. September 2022 in seinem Heim in [&hellip;]\" \/>\n<meta property=\"og:url\" content=\"https:\/\/bulirsch.eu\/home\/curriculum-vitae\/\" \/>\n<meta property=\"og:site_name\" content=\"Univ.-Prof. em. Dr. rer.nat. Dr. h.c. mult. Roland Zden\u011bk Bulirsch (Bul\u00ed\u0159)\" \/>\n<meta property=\"article:modified_time\" content=\"2024-12-07T10:23:33+00:00\" \/>\n<meta property=\"og:image\" content=\"https:\/\/bulirsch.eu\/wordpress\/wp-content\/uploads\/2020\/04\/RolandBulirsch.8.5.2013-476x1024.jpg\" \/>\n<meta name=\"twitter:card\" content=\"summary_large_image\" \/>\n<meta name=\"twitter:label1\" content=\"Gesch\u00e4tzte Lesezeit\" \/>\n\t<meta name=\"twitter:data1\" content=\"3\u00a0Minuten\" \/>\n<script type=\"application\/ld+json\" class=\"yoast-schema-graph\">{\"@context\":\"https:\\\/\\\/schema.org\",\"@graph\":[{\"@type\":\"WebPage\",\"@id\":\"https:\\\/\\\/bulirsch.eu\\\/home\\\/curriculum-vitae\\\/\",\"url\":\"https:\\\/\\\/bulirsch.eu\\\/home\\\/curriculum-vitae\\\/\",\"name\":\"Curriculum vitae - Univ.-Prof. em. Dr. rer.nat. Dr. h.c. mult. Roland Zden\u011bk Bulirsch (Bul\u00ed\u0159)\",\"isPartOf\":{\"@id\":\"https:\\\/\\\/bulirsch.eu\\\/home\\\/#website\"},\"primaryImageOfPage\":{\"@id\":\"https:\\\/\\\/bulirsch.eu\\\/home\\\/curriculum-vitae\\\/#primaryimage\"},\"image\":{\"@id\":\"https:\\\/\\\/bulirsch.eu\\\/home\\\/curriculum-vitae\\\/#primaryimage\"},\"thumbnailUrl\":\"https:\\\/\\\/bulirsch.eu\\\/wordpress\\\/wp-content\\\/uploads\\\/2020\\\/04\\\/RolandBulirsch.8.5.2013-476x1024.jpg\",\"datePublished\":\"2020-04-11T13:06:41+00:00\",\"dateModified\":\"2024-12-07T10:23:33+00:00\",\"breadcrumb\":{\"@id\":\"https:\\\/\\\/bulirsch.eu\\\/home\\\/curriculum-vitae\\\/#breadcrumb\"},\"inLanguage\":\"de\",\"potentialAction\":[{\"@type\":\"ReadAction\",\"target\":[\"https:\\\/\\\/bulirsch.eu\\\/home\\\/curriculum-vitae\\\/\"]}]},{\"@type\":\"ImageObject\",\"inLanguage\":\"de\",\"@id\":\"https:\\\/\\\/bulirsch.eu\\\/home\\\/curriculum-vitae\\\/#primaryimage\",\"url\":\"https:\\\/\\\/bulirsch.eu\\\/wordpress\\\/wp-content\\\/uploads\\\/2020\\\/04\\\/RolandBulirsch.8.5.2013-476x1024.jpg\",\"contentUrl\":\"https:\\\/\\\/bulirsch.eu\\\/wordpress\\\/wp-content\\\/uploads\\\/2020\\\/04\\\/RolandBulirsch.8.5.2013-476x1024.jpg\"},{\"@type\":\"BreadcrumbList\",\"@id\":\"https:\\\/\\\/bulirsch.eu\\\/home\\\/curriculum-vitae\\\/#breadcrumb\",\"itemListElement\":[{\"@type\":\"ListItem\",\"position\":1,\"name\":\"Home\",\"item\":\"https:\\\/\\\/bulirsch.eu\\\/home\\\/\"},{\"@type\":\"ListItem\",\"position\":2,\"name\":\"Curriculum vitae\"}]},{\"@type\":\"WebSite\",\"@id\":\"https:\\\/\\\/bulirsch.eu\\\/home\\\/#website\",\"url\":\"https:\\\/\\\/bulirsch.eu\\\/home\\\/\",\"name\":\"Univ.-Prof. em. Dr. rer.nat. Dr. h.c. mult. Roland Zden\u011bk Bulirsch (Bul\u00ed\u0159)\",\"description\":\"\",\"potentialAction\":[{\"@type\":\"SearchAction\",\"target\":{\"@type\":\"EntryPoint\",\"urlTemplate\":\"https:\\\/\\\/bulirsch.eu\\\/home\\\/?s={search_term_string}\"},\"query-input\":{\"@type\":\"PropertyValueSpecification\",\"valueRequired\":true,\"valueName\":\"search_term_string\"}}],\"inLanguage\":\"de\"}]}<\/script>\n<!-- \/ Yoast SEO plugin. -->","yoast_head_json":{"title":"Curriculum vitae - Univ.-Prof. em. Dr. rer.nat. Dr. h.c. mult. Roland Zden\u011bk Bulirsch (Bul\u00ed\u0159)","robots":{"index":"index","follow":"follow","max-snippet":"max-snippet:-1","max-image-preview":"max-image-preview:large","max-video-preview":"max-video-preview:-1"},"canonical":"https:\/\/bulirsch.eu\/home\/curriculum-vitae\/","og_locale":"de_DE","og_type":"article","og_title":"Curriculum vitae - Univ.-Prof. em. Dr. rer.nat. Dr. h.c. mult. Roland Zden\u011bk Bulirsch (Bul\u00ed\u0159)","og_description":"geboren am 10. November 1932 in Reichenberg, verheiratet mit Waltraut Wittke,2 T\u00f6chter: Vanda und Laelia; lebte bis zu seinem Tod am 21. September 2022 in Gauting 1938 &#8211; 1945 geboren am 10. November um 7:50 Uhr&nbsp;in&nbsp;Reichenberg\/B\u00f6hmen (heute Liberec,Tschechische Republik)Gestorben in der Nacht zum 21. September 2022 in seinem Heim in [&hellip;]","og_url":"https:\/\/bulirsch.eu\/home\/curriculum-vitae\/","og_site_name":"Univ.-Prof. em. Dr. rer.nat. Dr. h.c. mult. Roland Zden\u011bk Bulirsch (Bul\u00ed\u0159)","article_modified_time":"2024-12-07T10:23:33+00:00","og_image":[{"url":"https:\/\/bulirsch.eu\/wordpress\/wp-content\/uploads\/2020\/04\/RolandBulirsch.8.5.2013-476x1024.jpg","type":"","width":"","height":""}],"twitter_card":"summary_large_image","twitter_misc":{"Gesch\u00e4tzte Lesezeit":"3\u00a0Minuten"},"schema":{"@context":"https:\/\/schema.org","@graph":[{"@type":"WebPage","@id":"https:\/\/bulirsch.eu\/home\/curriculum-vitae\/","url":"https:\/\/bulirsch.eu\/home\/curriculum-vitae\/","name":"Curriculum vitae - Univ.-Prof. em. Dr. rer.nat. Dr. h.c. mult. Roland Zden\u011bk Bulirsch (Bul\u00ed\u0159)","isPartOf":{"@id":"https:\/\/bulirsch.eu\/home\/#website"},"primaryImageOfPage":{"@id":"https:\/\/bulirsch.eu\/home\/curriculum-vitae\/#primaryimage"},"image":{"@id":"https:\/\/bulirsch.eu\/home\/curriculum-vitae\/#primaryimage"},"thumbnailUrl":"https:\/\/bulirsch.eu\/wordpress\/wp-content\/uploads\/2020\/04\/RolandBulirsch.8.5.2013-476x1024.jpg","datePublished":"2020-04-11T13:06:41+00:00","dateModified":"2024-12-07T10:23:33+00:00","breadcrumb":{"@id":"https:\/\/bulirsch.eu\/home\/curriculum-vitae\/#breadcrumb"},"inLanguage":"de","potentialAction":[{"@type":"ReadAction","target":["https:\/\/bulirsch.eu\/home\/curriculum-vitae\/"]}]},{"@type":"ImageObject","inLanguage":"de","@id":"https:\/\/bulirsch.eu\/home\/curriculum-vitae\/#primaryimage","url":"https:\/\/bulirsch.eu\/wordpress\/wp-content\/uploads\/2020\/04\/RolandBulirsch.8.5.2013-476x1024.jpg","contentUrl":"https:\/\/bulirsch.eu\/wordpress\/wp-content\/uploads\/2020\/04\/RolandBulirsch.8.5.2013-476x1024.jpg"},{"@type":"BreadcrumbList","@id":"https:\/\/bulirsch.eu\/home\/curriculum-vitae\/#breadcrumb","itemListElement":[{"@type":"ListItem","position":1,"name":"Home","item":"https:\/\/bulirsch.eu\/home\/"},{"@type":"ListItem","position":2,"name":"Curriculum vitae"}]},{"@type":"WebSite","@id":"https:\/\/bulirsch.eu\/home\/#website","url":"https:\/\/bulirsch.eu\/home\/","name":"Univ.-Prof. em. Dr. rer.nat. Dr. h.c. mult. Roland Zden\u011bk Bulirsch (Bul\u00ed\u0159)","description":"","potentialAction":[{"@type":"SearchAction","target":{"@type":"EntryPoint","urlTemplate":"https:\/\/bulirsch.eu\/home\/?s={search_term_string}"},"query-input":{"@type":"PropertyValueSpecification","valueRequired":true,"valueName":"search_term_string"}}],"inLanguage":"de"}]}},"_links":{"self":[{"href":"https:\/\/bulirsch.eu\/home\/wp-json\/wp\/v2\/pages\/10","targetHints":{"allow":["GET"]}}],"collection":[{"href":"https:\/\/bulirsch.eu\/home\/wp-json\/wp\/v2\/pages"}],"about":[{"href":"https:\/\/bulirsch.eu\/home\/wp-json\/wp\/v2\/types\/page"}],"author":[{"embeddable":true,"href":"https:\/\/bulirsch.eu\/home\/wp-json\/wp\/v2\/users\/1"}],"replies":[{"embeddable":true,"href":"https:\/\/bulirsch.eu\/home\/wp-json\/wp\/v2\/comments?post=10"}],"version-history":[{"count":46,"href":"https:\/\/bulirsch.eu\/home\/wp-json\/wp\/v2\/pages\/10\/revisions"}],"predecessor-version":[{"id":726,"href":"https:\/\/bulirsch.eu\/home\/wp-json\/wp\/v2\/pages\/10\/revisions\/726"}],"wp:attachment":[{"href":"https:\/\/bulirsch.eu\/home\/wp-json\/wp\/v2\/media?parent=10"}],"curies":[{"name":"wp","href":"https:\/\/api.w.org\/{rel}","templated":true}]}}