{"id":12,"date":"2020-04-11T13:10:31","date_gmt":"2020-04-11T13:10:31","guid":{"rendered":"https:\/\/bulirsch.eu\/wordpress\/?page_id=12"},"modified":"2024-12-07T10:23:57","modified_gmt":"2024-12-07T10:23:57","slug":"forschunglehre","status":"publish","type":"page","link":"https:\/\/bulirsch.eu\/home\/forschunglehre\/","title":{"rendered":"Forschung&#038;Lehre"},"content":{"rendered":"\n<p>240 Diplomanden, 43 Doktoranden, 15 davon sind Professoren an deutschen Universit\u00e4ten. (siehe Bilder)<\/p>\n\n\n\n<h3 class=\"wp-block-heading\">Wirkungsst\u00e4tten<\/h3>\n\n\n\n<ul class=\"wp-block-list\"><li><a rel=\"noreferrer noopener\" href=\"http:\/\/www.ucsd.edu\/\" target=\"_blank\">University of California San Diego<\/a><\/li><li><a rel=\"noreferrer noopener\" href=\"http:\/\/www.uni-koeln.de\/\" target=\"_blank\">Universit\u00e4t zu K\u00f6ln<\/a><\/li><li><a rel=\"noreferrer noopener\" href=\"http:\/\/www.tum.de\/\" target=\"_blank\">Technische Universit\u00e4t M\u00fcnchen<\/a><ul><li><a rel=\"noreferrer noopener\" href=\"http:\/\/www-m2.ma.tum.de\/bin\/view\/Allgemeines\/M2Mitarbeiter\" target=\"_blank\">Lehrstuhl f\u00fcr H\u00f6here Mathematik und Numerische Mathematik<\/a><\/li><li><a href=\"https:\/\/bulirsch.eu\/forschunglehre\/forschungsprojekte\/\">Fr\u00fchere Drittmittelprojekte<\/a><\/li><\/ul><\/li><\/ul>\n\n\n\n<h3 class=\"wp-block-heading\">Sch\u00fcler von Roland Z. Bulirsch<\/h3>\n\n\n\n<ul class=\"wp-block-list\"><li><a href=\"https:\/\/bulirsch.eu\/forschunglehre\/diplomarbeiten\/\">Diplomarbeiten<\/a><\/li><li><a href=\"https:\/\/bulirsch.eu\/forschunglehre\/dissertationen\/\">Dissertationen<\/a><\/li><li><a href=\"https:\/\/bulirsch.eu\/forschunglehre\/habilitationen\/\">Habilitationen<\/a><\/li><\/ul>\n\n\n\n<hr class=\"wp-block-separator\"\/>\n\n\n\n<h2 class=\"wp-block-heading\">Bilder<\/h2>\n\n\n\n<figure class=\"wp-block-gallery columns-3 is-cropped wp-block-gallery-2 is-layout-flex wp-block-gallery-is-layout-flex\"><ul class=\"blocks-gallery-grid\"><li class=\"blocks-gallery-item\"><figure><img loading=\"lazy\" decoding=\"async\" width=\"1024\" height=\"1013\" src=\"https:\/\/bulirsch.eu\/wordpress\/wp-content\/uploads\/2020\/04\/Doktorsoehne-1024x1013.jpg\" alt=\"\" data-id=\"85\" data-full-url=\"https:\/\/bulirsch.eu\/wordpress\/wordpress\/wp-content\/uploads\/2020\/04\/Doktorsoehne.jpg\" data-link=\"https:\/\/bulirsch.eu\/wordpress\/wordpress\/doktorsoehne\/\" class=\"wp-image-85\" srcset=\"https:\/\/bulirsch.eu\/wordpress\/wp-content\/uploads\/2020\/04\/Doktorsoehne-1024x1013.jpg 1024w, https:\/\/bulirsch.eu\/wordpress\/wp-content\/uploads\/2020\/04\/Doktorsoehne-300x297.jpg 300w, https:\/\/bulirsch.eu\/wordpress\/wp-content\/uploads\/2020\/04\/Doktorsoehne-768x760.jpg 768w, https:\/\/bulirsch.eu\/wordpress\/wp-content\/uploads\/2020\/04\/Doktorsoehne.jpg 1491w\" sizes=\"auto, (max-width: 1024px) 100vw, 1024px\" \/><\/figure><\/li><li class=\"blocks-gallery-item\"><figure><img loading=\"lazy\" decoding=\"async\" width=\"1024\" height=\"754\" src=\"https:\/\/bulirsch.eu\/wordpress\/wp-content\/uploads\/2020\/04\/Professoren-1-1024x754.jpg\" alt=\"\" data-id=\"119\" data-full-url=\"https:\/\/bulirsch.eu\/wordpress\/wordpress\/wp-content\/uploads\/2020\/04\/Professoren-1-scaled.jpg\" data-link=\"https:\/\/bulirsch.eu\/wordpress\/wordpress\/professoren-2\/\" class=\"wp-image-119\" srcset=\"https:\/\/bulirsch.eu\/wordpress\/wp-content\/uploads\/2020\/04\/Professoren-1-1024x754.jpg 1024w, https:\/\/bulirsch.eu\/wordpress\/wp-content\/uploads\/2020\/04\/Professoren-1-300x221.jpg 300w, https:\/\/bulirsch.eu\/wordpress\/wp-content\/uploads\/2020\/04\/Professoren-1-768x566.jpg 768w, https:\/\/bulirsch.eu\/wordpress\/wp-content\/uploads\/2020\/04\/Professoren-1-1536x1132.jpg 1536w, https:\/\/bulirsch.eu\/wordpress\/wp-content\/uploads\/2020\/04\/Professoren-1-2048x1509.jpg 2048w\" sizes=\"auto, (max-width: 1024px) 100vw, 1024px\" \/><\/figure><\/li><li class=\"blocks-gallery-item\"><figure><img loading=\"lazy\" decoding=\"async\" width=\"9731\" height=\"12756\" src=\"https:\/\/bulirsch.eu\/wordpress\/wp-content\/uploads\/2020\/04\/Bulirsch_Schule.jpg\" alt=\"\" data-id=\"82\" data-full-url=\"https:\/\/bulirsch.eu\/wordpress\/wordpress\/wp-content\/uploads\/2020\/04\/Bulirsch_Schule.jpg\" data-link=\"https:\/\/bulirsch.eu\/wordpress\/wordpress\/bulirsch_schule\/\" class=\"wp-image-82\"\/><\/figure><\/li><\/ul><\/figure>\n","protected":false},"excerpt":{"rendered":"<p>240 Diplomanden, 43 Doktoranden, 15 davon sind Professoren an deutschen Universit\u00e4ten. (siehe Bilder) Wirkungsst\u00e4tten University of California San Diego Universit\u00e4t zu K\u00f6ln Technische Universit\u00e4t M\u00fcnchen Lehrstuhl f\u00fcr H\u00f6here Mathematik und Numerische Mathematik Fr\u00fchere Drittmittelprojekte Sch\u00fcler von Roland Z. Bulirsch Diplomarbeiten Dissertationen Habilitationen Bilder<\/p>\n","protected":false},"author":1,"featured_media":0,"parent":0,"menu_order":2,"comment_status":"closed","ping_status":"closed","template":"","meta":{"footnotes":""},"class_list":["post-12","page","type-page","status-publish","hentry"],"yoast_head":"<!-- This site is optimized with the Yoast SEO plugin v27.5 - https:\/\/yoast.com\/product\/yoast-seo-wordpress\/ -->\n<title>Forschung&amp;Lehre - Univ.-Prof. em. Dr. rer.nat. Dr. h.c. mult. Roland Zden\u011bk Bulirsch (Bul\u00ed\u0159)<\/title>\n<meta name=\"robots\" content=\"index, follow, max-snippet:-1, max-image-preview:large, max-video-preview:-1\" \/>\n<link rel=\"canonical\" href=\"https:\/\/bulirsch.eu\/home\/forschunglehre\/\" \/>\n<meta property=\"og:locale\" content=\"de_DE\" \/>\n<meta property=\"og:type\" content=\"article\" \/>\n<meta property=\"og:title\" content=\"Forschung&amp;Lehre - Univ.-Prof. em. Dr. rer.nat. Dr. h.c. mult. Roland Zden\u011bk Bulirsch (Bul\u00ed\u0159)\" \/>\n<meta property=\"og:description\" content=\"240 Diplomanden, 43 Doktoranden, 15 davon sind Professoren an deutschen Universit\u00e4ten. (siehe Bilder) Wirkungsst\u00e4tten University of California San Diego Universit\u00e4t zu K\u00f6ln Technische Universit\u00e4t M\u00fcnchen Lehrstuhl f\u00fcr H\u00f6here Mathematik und Numerische Mathematik Fr\u00fchere Drittmittelprojekte Sch\u00fcler von Roland Z. Bulirsch Diplomarbeiten Dissertationen Habilitationen Bilder\" \/>\n<meta property=\"og:url\" content=\"https:\/\/bulirsch.eu\/home\/forschunglehre\/\" \/>\n<meta property=\"og:site_name\" content=\"Univ.-Prof. em. Dr. rer.nat. Dr. h.c. mult. Roland Zden\u011bk Bulirsch (Bul\u00ed\u0159)\" \/>\n<meta property=\"article:modified_time\" content=\"2024-12-07T10:23:57+00:00\" \/>\n<meta property=\"og:image\" content=\"https:\/\/bulirsch.eu\/wordpress\/wp-content\/uploads\/2020\/04\/Doktorsoehne.jpg\" \/>\n\t<meta property=\"og:image:width\" content=\"1491\" \/>\n\t<meta property=\"og:image:height\" content=\"1475\" \/>\n\t<meta property=\"og:image:type\" content=\"image\/jpeg\" \/>\n<meta name=\"twitter:card\" content=\"summary_large_image\" \/>\n<script type=\"application\/ld+json\" class=\"yoast-schema-graph\">{\"@context\":\"https:\\\/\\\/schema.org\",\"@graph\":[{\"@type\":\"WebPage\",\"@id\":\"https:\\\/\\\/bulirsch.eu\\\/home\\\/forschunglehre\\\/\",\"url\":\"https:\\\/\\\/bulirsch.eu\\\/home\\\/forschunglehre\\\/\",\"name\":\"Forschung&Lehre - Univ.-Prof. em. Dr. rer.nat. Dr. h.c. mult. Roland Zden\u011bk Bulirsch (Bul\u00ed\u0159)\",\"isPartOf\":{\"@id\":\"https:\\\/\\\/bulirsch.eu\\\/home\\\/#website\"},\"primaryImageOfPage\":{\"@id\":\"https:\\\/\\\/bulirsch.eu\\\/home\\\/forschunglehre\\\/#primaryimage\"},\"image\":{\"@id\":\"https:\\\/\\\/bulirsch.eu\\\/home\\\/forschunglehre\\\/#primaryimage\"},\"thumbnailUrl\":\"https:\\\/\\\/bulirsch.eu\\\/wordpress\\\/wp-content\\\/uploads\\\/2020\\\/04\\\/Doktorsoehne-1024x1013.jpg\",\"datePublished\":\"2020-04-11T13:10:31+00:00\",\"dateModified\":\"2024-12-07T10:23:57+00:00\",\"breadcrumb\":{\"@id\":\"https:\\\/\\\/bulirsch.eu\\\/home\\\/forschunglehre\\\/#breadcrumb\"},\"inLanguage\":\"de\",\"potentialAction\":[{\"@type\":\"ReadAction\",\"target\":[\"https:\\\/\\\/bulirsch.eu\\\/home\\\/forschunglehre\\\/\"]}]},{\"@type\":\"ImageObject\",\"inLanguage\":\"de\",\"@id\":\"https:\\\/\\\/bulirsch.eu\\\/home\\\/forschunglehre\\\/#primaryimage\",\"url\":\"https:\\\/\\\/bulirsch.eu\\\/wordpress\\\/wp-content\\\/uploads\\\/2020\\\/04\\\/Doktorsoehne-1024x1013.jpg\",\"contentUrl\":\"https:\\\/\\\/bulirsch.eu\\\/wordpress\\\/wp-content\\\/uploads\\\/2020\\\/04\\\/Doktorsoehne-1024x1013.jpg\"},{\"@type\":\"BreadcrumbList\",\"@id\":\"https:\\\/\\\/bulirsch.eu\\\/home\\\/forschunglehre\\\/#breadcrumb\",\"itemListElement\":[{\"@type\":\"ListItem\",\"position\":1,\"name\":\"Home\",\"item\":\"https:\\\/\\\/bulirsch.eu\\\/home\\\/\"},{\"@type\":\"ListItem\",\"position\":2,\"name\":\"Forschung&#038;Lehre\"}]},{\"@type\":\"WebSite\",\"@id\":\"https:\\\/\\\/bulirsch.eu\\\/home\\\/#website\",\"url\":\"https:\\\/\\\/bulirsch.eu\\\/home\\\/\",\"name\":\"Univ.-Prof. em. Dr. rer.nat. Dr. h.c. mult. Roland Zden\u011bk Bulirsch (Bul\u00ed\u0159)\",\"description\":\"\",\"potentialAction\":[{\"@type\":\"SearchAction\",\"target\":{\"@type\":\"EntryPoint\",\"urlTemplate\":\"https:\\\/\\\/bulirsch.eu\\\/home\\\/?s={search_term_string}\"},\"query-input\":{\"@type\":\"PropertyValueSpecification\",\"valueRequired\":true,\"valueName\":\"search_term_string\"}}],\"inLanguage\":\"de\"}]}<\/script>\n<!-- \/ Yoast SEO plugin. -->","yoast_head_json":{"title":"Forschung&Lehre - Univ.-Prof. em. Dr. rer.nat. Dr. h.c. mult. Roland Zden\u011bk Bulirsch (Bul\u00ed\u0159)","robots":{"index":"index","follow":"follow","max-snippet":"max-snippet:-1","max-image-preview":"max-image-preview:large","max-video-preview":"max-video-preview:-1"},"canonical":"https:\/\/bulirsch.eu\/home\/forschunglehre\/","og_locale":"de_DE","og_type":"article","og_title":"Forschung&Lehre - Univ.-Prof. em. Dr. rer.nat. Dr. h.c. mult. Roland Zden\u011bk Bulirsch (Bul\u00ed\u0159)","og_description":"240 Diplomanden, 43 Doktoranden, 15 davon sind Professoren an deutschen Universit\u00e4ten. (siehe Bilder) Wirkungsst\u00e4tten University of California San Diego Universit\u00e4t zu K\u00f6ln Technische Universit\u00e4t M\u00fcnchen Lehrstuhl f\u00fcr H\u00f6here Mathematik und Numerische Mathematik Fr\u00fchere Drittmittelprojekte Sch\u00fcler von Roland Z. Bulirsch Diplomarbeiten Dissertationen Habilitationen Bilder","og_url":"https:\/\/bulirsch.eu\/home\/forschunglehre\/","og_site_name":"Univ.-Prof. em. Dr. rer.nat. Dr. h.c. mult. Roland Zden\u011bk Bulirsch (Bul\u00ed\u0159)","article_modified_time":"2024-12-07T10:23:57+00:00","og_image":[{"width":1491,"height":1475,"url":"https:\/\/bulirsch.eu\/wordpress\/wp-content\/uploads\/2020\/04\/Doktorsoehne.jpg","type":"image\/jpeg"}],"twitter_card":"summary_large_image","schema":{"@context":"https:\/\/schema.org","@graph":[{"@type":"WebPage","@id":"https:\/\/bulirsch.eu\/home\/forschunglehre\/","url":"https:\/\/bulirsch.eu\/home\/forschunglehre\/","name":"Forschung&Lehre - Univ.-Prof. em. Dr. rer.nat. Dr. h.c. mult. Roland Zden\u011bk Bulirsch (Bul\u00ed\u0159)","isPartOf":{"@id":"https:\/\/bulirsch.eu\/home\/#website"},"primaryImageOfPage":{"@id":"https:\/\/bulirsch.eu\/home\/forschunglehre\/#primaryimage"},"image":{"@id":"https:\/\/bulirsch.eu\/home\/forschunglehre\/#primaryimage"},"thumbnailUrl":"https:\/\/bulirsch.eu\/wordpress\/wp-content\/uploads\/2020\/04\/Doktorsoehne-1024x1013.jpg","datePublished":"2020-04-11T13:10:31+00:00","dateModified":"2024-12-07T10:23:57+00:00","breadcrumb":{"@id":"https:\/\/bulirsch.eu\/home\/forschunglehre\/#breadcrumb"},"inLanguage":"de","potentialAction":[{"@type":"ReadAction","target":["https:\/\/bulirsch.eu\/home\/forschunglehre\/"]}]},{"@type":"ImageObject","inLanguage":"de","@id":"https:\/\/bulirsch.eu\/home\/forschunglehre\/#primaryimage","url":"https:\/\/bulirsch.eu\/wordpress\/wp-content\/uploads\/2020\/04\/Doktorsoehne-1024x1013.jpg","contentUrl":"https:\/\/bulirsch.eu\/wordpress\/wp-content\/uploads\/2020\/04\/Doktorsoehne-1024x1013.jpg"},{"@type":"BreadcrumbList","@id":"https:\/\/bulirsch.eu\/home\/forschunglehre\/#breadcrumb","itemListElement":[{"@type":"ListItem","position":1,"name":"Home","item":"https:\/\/bulirsch.eu\/home\/"},{"@type":"ListItem","position":2,"name":"Forschung&#038;Lehre"}]},{"@type":"WebSite","@id":"https:\/\/bulirsch.eu\/home\/#website","url":"https:\/\/bulirsch.eu\/home\/","name":"Univ.-Prof. em. Dr. rer.nat. Dr. h.c. mult. Roland Zden\u011bk Bulirsch (Bul\u00ed\u0159)","description":"","potentialAction":[{"@type":"SearchAction","target":{"@type":"EntryPoint","urlTemplate":"https:\/\/bulirsch.eu\/home\/?s={search_term_string}"},"query-input":{"@type":"PropertyValueSpecification","valueRequired":true,"valueName":"search_term_string"}}],"inLanguage":"de"}]}},"_links":{"self":[{"href":"https:\/\/bulirsch.eu\/home\/wp-json\/wp\/v2\/pages\/12","targetHints":{"allow":["GET"]}}],"collection":[{"href":"https:\/\/bulirsch.eu\/home\/wp-json\/wp\/v2\/pages"}],"about":[{"href":"https:\/\/bulirsch.eu\/home\/wp-json\/wp\/v2\/types\/page"}],"author":[{"embeddable":true,"href":"https:\/\/bulirsch.eu\/home\/wp-json\/wp\/v2\/users\/1"}],"replies":[{"embeddable":true,"href":"https:\/\/bulirsch.eu\/home\/wp-json\/wp\/v2\/comments?post=12"}],"version-history":[{"count":21,"href":"https:\/\/bulirsch.eu\/home\/wp-json\/wp\/v2\/pages\/12\/revisions"}],"predecessor-version":[{"id":729,"href":"https:\/\/bulirsch.eu\/home\/wp-json\/wp\/v2\/pages\/12\/revisions\/729"}],"wp:attachment":[{"href":"https:\/\/bulirsch.eu\/home\/wp-json\/wp\/v2\/media?parent=12"}],"curies":[{"name":"wp","href":"https:\/\/api.w.org\/{rel}","templated":true}]}}