{"id":141,"date":"2020-04-11T15:02:32","date_gmt":"2020-04-11T15:02:32","guid":{"rendered":"https:\/\/bulirsch.eu\/wordpress\/?page_id=141"},"modified":"2020-04-12T17:02:33","modified_gmt":"2020-04-12T17:02:33","slug":"ehrungen","status":"publish","type":"page","link":"https:\/\/bulirsch.eu\/home\/curriculum-vitae\/ehrungen\/","title":{"rendered":"Ehrungen"},"content":{"rendered":"\n<figure class=\"wp-block-table is-style-stripes\"><table><tbody><tr><td>1957<\/td><td>Aufnahme in die&nbsp;<a href=\"http:\/\/www.studienstiftung.de\/\">Studienstiftung des deutschen Volkes<\/a><\/td><\/tr><tr><td>1990<\/td><td>ord. Mitglied der Academia Scientia at Artium Europaea, Salzburg<\/td><\/tr><tr><td>1991<\/td><td>ord. Mitglied der&nbsp;<a href=\"http:\/\/www.badw-muenchen.de\/\">Bayerischen Akademie der Wissenschaften<\/a><\/td><\/tr><tr><td>1991<\/td><td><a href=\"https:\/\/bulirsch.eu\/wordpress\/ehrenpromotion-universitaet-hamburg\/\">Ehrenpromotion<\/a>&nbsp;Universit\u00e4t Hamburg<\/td><\/tr><tr><td>1997<\/td><td>Verdienstmedaille der&nbsp;<a href=\"http:\/\/www.jcmf.cz\/\">Union tschechischer Mathematiker und Physiker<\/a><\/td><\/tr><tr><td>1997<\/td><td><a href=\"https:\/\/bulirsch.eu\/wordpress\/gedenkmedaille-der-karls-universitaet-prag\/\">Gedenkmedaille der Karls-Universit\u00e4t<\/a>&nbsp;Prag<\/td><\/tr><tr><td>1998<\/td><td><a href=\"https:\/\/bulirsch.eu\/wordpress\/bayerischer-maximiliansorden-fuer-wissenschaft-und-kunst\/\">Bayerischer Maximiliansorden<\/a>&nbsp;f\u00fcr Wissenschaft und Kunst<\/td><\/tr><tr><td>1999<\/td><td><a href=\"https:\/\/bulirsch.eu\/wordpress\/liebieg-gedenkmuenze-des-heimatkreises-reichenberg\/\">Liebieg Gedenkm\u00fcnze<\/a>&nbsp;des Heimatkreises Reichenberg<\/td><\/tr><tr><td>1999<\/td><td>ord. Mitglied der Sudetendeutschen Akademie der Wissenschaften und K\u00fcnste<\/td><\/tr><tr><td>2000<\/td><td><a href=\"https:\/\/bulirsch.eu\/wordpress\/ehrendoktorat-der-technicka-universita-v-liberci\/\">Ehrendoktorat<\/a>&nbsp;der&nbsp;<a href=\"http:\/\/www.vslib.cz\/\">Technick\u00e1 universita v Liberci, TUL, Technischen Universit\u00e4t in Reichenberg<\/a><\/td><\/tr><tr><td>2001<\/td><td><a href=\"https:\/\/bulirsch.eu\/wordpress\/ehrendoktorat-der-nationalen-technischen-hochschule-athen\/\">Ehrendoktorat<\/a>&nbsp;der&nbsp;<a href=\"http:\/\/www.ntua.gr\/\">Nationalen Technischen Hochschule Athen<\/a><\/td><\/tr><tr><td>2002<\/td><td><a href=\"https:\/\/bulirsch.eu\/wordpress\/ritter-von-gerstner-medaille\/\">Ritter von Gerstner-Medaille<\/a><\/td><\/tr><tr><td>2004<\/td><td><a href=\"https:\/\/bulirsch.eu\/wordpress\/alwin-walther-medaille-der-technischen-universitaet-darmstadt\/\">Alwin Walther-Medaille<\/a>&nbsp;der Technischen Universit\u00e4t Darmstadt<\/td><\/tr><tr><td>2004<\/td><td><a href=\"https:\/\/bulirsch.eu\/wordpress\/ehrendoktorat-der-akademie-der-wissenschaften-vien-toan-hoc-hanoi-vietnam\/\">Ehrendoktorat<\/a>&nbsp;der&nbsp;<a href=\"http:\/\/www.ims.ac.vn\/\">Akademie der Wissenschaften<\/a>, Vi\u1ec7n To\u00e1n H\u1ecdc, Hanoi \/ Vietnam<\/td><\/tr><tr><td>2007<\/td><td><a href=\"https:\/\/bulirsch.eu\/wordpress\/gedenkmedaille-der-paedagogischen-fakultaet-der-technicka-universita-v-liberci\/\">Gedenkmedaille der P\u00e4dagogischen Fakult\u00e4t<\/a>&nbsp;der Technick\u00e1 universita v Liberci, TUL<\/td><\/tr><tr><td>2012<\/td><td><a href=\"https:\/\/bulirsch.eu\/wordpress\/grosser-sudetendeutscher-kulturpreis-2012\/\">Gro\u00dfer Sudetendeutscher Kulturpreis 2012<\/a><\/td><\/tr><\/tbody><\/table><\/figure>\n\n\n\n<p><\/p>\n","protected":false},"excerpt":{"rendered":"<p>1957 Aufnahme in die&nbsp;Studienstiftung des deutschen Volkes 1990 ord. Mitglied der Academia Scientia at Artium Europaea, Salzburg 1991 ord. Mitglied der&nbsp;Bayerischen Akademie der Wissenschaften 1991 Ehrenpromotion&nbsp;Universit\u00e4t Hamburg 1997 Verdienstmedaille der&nbsp;Union tschechischer Mathematiker und Physiker 1997 Gedenkmedaille der Karls-Universit\u00e4t&nbsp;Prag 1998 Bayerischer Maximiliansorden&nbsp;f\u00fcr Wissenschaft und Kunst 1999 Liebieg Gedenkm\u00fcnze&nbsp;des Heimatkreises Reichenberg 1999 [&hellip;]<\/p>\n","protected":false},"author":1,"featured_media":127,"parent":10,"menu_order":1,"comment_status":"closed","ping_status":"closed","template":"","meta":{"footnotes":""},"class_list":["post-141","page","type-page","status-publish","has-post-thumbnail","hentry"],"yoast_head":"<!-- This site is optimized with the Yoast SEO plugin v27.4 - https:\/\/yoast.com\/product\/yoast-seo-wordpress\/ -->\n<title>Ehrungen - Univ.-Prof. em. Dr. rer.nat. Dr. h.c. mult. Roland Zden\u011bk Bulirsch (Bul\u00ed\u0159)<\/title>\n<meta name=\"robots\" content=\"index, follow, max-snippet:-1, max-image-preview:large, max-video-preview:-1\" \/>\n<link rel=\"canonical\" href=\"https:\/\/bulirsch.eu\/home\/curriculum-vitae\/ehrungen\/\" \/>\n<meta property=\"og:locale\" content=\"de_DE\" \/>\n<meta property=\"og:type\" content=\"article\" \/>\n<meta property=\"og:title\" content=\"Ehrungen - Univ.-Prof. em. Dr. rer.nat. Dr. h.c. mult. Roland Zden\u011bk Bulirsch (Bul\u00ed\u0159)\" \/>\n<meta property=\"og:description\" content=\"1957 Aufnahme in die&nbsp;Studienstiftung des deutschen Volkes 1990 ord. Mitglied der Academia Scientia at Artium Europaea, Salzburg 1991 ord. Mitglied der&nbsp;Bayerischen Akademie der Wissenschaften 1991 Ehrenpromotion&nbsp;Universit\u00e4t Hamburg 1997 Verdienstmedaille der&nbsp;Union tschechischer Mathematiker und Physiker 1997 Gedenkmedaille der Karls-Universit\u00e4t&nbsp;Prag 1998 Bayerischer Maximiliansorden&nbsp;f\u00fcr Wissenschaft und Kunst 1999 Liebieg Gedenkm\u00fcnze&nbsp;des Heimatkreises Reichenberg 1999 [&hellip;]\" \/>\n<meta property=\"og:url\" content=\"https:\/\/bulirsch.eu\/home\/curriculum-vitae\/ehrungen\/\" \/>\n<meta property=\"og:site_name\" content=\"Univ.-Prof. em. Dr. rer.nat. Dr. h.c. mult. Roland Zden\u011bk Bulirsch (Bul\u00ed\u0159)\" \/>\n<meta property=\"article:modified_time\" content=\"2020-04-12T17:02:33+00:00\" \/>\n<meta property=\"og:image\" content=\"https:\/\/bulirsch.eu\/wordpress\/wp-content\/uploads\/2020\/04\/Roland_2012-scaled.jpg\" \/>\n\t<meta property=\"og:image:width\" content=\"1610\" \/>\n\t<meta property=\"og:image:height\" content=\"2560\" \/>\n\t<meta property=\"og:image:type\" content=\"image\/jpeg\" \/>\n<meta name=\"twitter:card\" content=\"summary_large_image\" \/>\n<meta name=\"twitter:label1\" content=\"Gesch\u00e4tzte Lesezeit\" \/>\n\t<meta name=\"twitter:data1\" content=\"1\u00a0Minute\" \/>\n<script type=\"application\/ld+json\" class=\"yoast-schema-graph\">{\"@context\":\"https:\\\/\\\/schema.org\",\"@graph\":[{\"@type\":\"WebPage\",\"@id\":\"https:\\\/\\\/bulirsch.eu\\\/home\\\/curriculum-vitae\\\/ehrungen\\\/\",\"url\":\"https:\\\/\\\/bulirsch.eu\\\/home\\\/curriculum-vitae\\\/ehrungen\\\/\",\"name\":\"Ehrungen - Univ.-Prof. em. Dr. rer.nat. Dr. h.c. mult. Roland Zden\u011bk Bulirsch (Bul\u00ed\u0159)\",\"isPartOf\":{\"@id\":\"https:\\\/\\\/bulirsch.eu\\\/home\\\/#website\"},\"primaryImageOfPage\":{\"@id\":\"https:\\\/\\\/bulirsch.eu\\\/home\\\/curriculum-vitae\\\/ehrungen\\\/#primaryimage\"},\"image\":{\"@id\":\"https:\\\/\\\/bulirsch.eu\\\/home\\\/curriculum-vitae\\\/ehrungen\\\/#primaryimage\"},\"thumbnailUrl\":\"https:\\\/\\\/bulirsch.eu\\\/wordpress\\\/wp-content\\\/uploads\\\/2020\\\/04\\\/Roland_2012-scaled.jpg\",\"datePublished\":\"2020-04-11T15:02:32+00:00\",\"dateModified\":\"2020-04-12T17:02:33+00:00\",\"breadcrumb\":{\"@id\":\"https:\\\/\\\/bulirsch.eu\\\/home\\\/curriculum-vitae\\\/ehrungen\\\/#breadcrumb\"},\"inLanguage\":\"de\",\"potentialAction\":[{\"@type\":\"ReadAction\",\"target\":[\"https:\\\/\\\/bulirsch.eu\\\/home\\\/curriculum-vitae\\\/ehrungen\\\/\"]}]},{\"@type\":\"ImageObject\",\"inLanguage\":\"de\",\"@id\":\"https:\\\/\\\/bulirsch.eu\\\/home\\\/curriculum-vitae\\\/ehrungen\\\/#primaryimage\",\"url\":\"https:\\\/\\\/bulirsch.eu\\\/wordpress\\\/wp-content\\\/uploads\\\/2020\\\/04\\\/Roland_2012-scaled.jpg\",\"contentUrl\":\"https:\\\/\\\/bulirsch.eu\\\/wordpress\\\/wp-content\\\/uploads\\\/2020\\\/04\\\/Roland_2012-scaled.jpg\",\"width\":1610,\"height\":2560},{\"@type\":\"BreadcrumbList\",\"@id\":\"https:\\\/\\\/bulirsch.eu\\\/home\\\/curriculum-vitae\\\/ehrungen\\\/#breadcrumb\",\"itemListElement\":[{\"@type\":\"ListItem\",\"position\":1,\"name\":\"Home\",\"item\":\"https:\\\/\\\/bulirsch.eu\\\/home\\\/\"},{\"@type\":\"ListItem\",\"position\":2,\"name\":\"Curriculum vitae\",\"item\":\"https:\\\/\\\/bulirsch.eu\\\/home\\\/curriculum-vitae\\\/\"},{\"@type\":\"ListItem\",\"position\":3,\"name\":\"Ehrungen\"}]},{\"@type\":\"WebSite\",\"@id\":\"https:\\\/\\\/bulirsch.eu\\\/home\\\/#website\",\"url\":\"https:\\\/\\\/bulirsch.eu\\\/home\\\/\",\"name\":\"Univ.-Prof. em. Dr. rer.nat. Dr. h.c. mult. Roland Zden\u011bk Bulirsch (Bul\u00ed\u0159)\",\"description\":\"\",\"potentialAction\":[{\"@type\":\"SearchAction\",\"target\":{\"@type\":\"EntryPoint\",\"urlTemplate\":\"https:\\\/\\\/bulirsch.eu\\\/home\\\/?s={search_term_string}\"},\"query-input\":{\"@type\":\"PropertyValueSpecification\",\"valueRequired\":true,\"valueName\":\"search_term_string\"}}],\"inLanguage\":\"de\"}]}<\/script>\n<!-- \/ Yoast SEO plugin. -->","yoast_head_json":{"title":"Ehrungen - Univ.-Prof. em. Dr. rer.nat. Dr. h.c. mult. Roland Zden\u011bk Bulirsch (Bul\u00ed\u0159)","robots":{"index":"index","follow":"follow","max-snippet":"max-snippet:-1","max-image-preview":"max-image-preview:large","max-video-preview":"max-video-preview:-1"},"canonical":"https:\/\/bulirsch.eu\/home\/curriculum-vitae\/ehrungen\/","og_locale":"de_DE","og_type":"article","og_title":"Ehrungen - Univ.-Prof. em. Dr. rer.nat. Dr. h.c. mult. Roland Zden\u011bk Bulirsch (Bul\u00ed\u0159)","og_description":"1957 Aufnahme in die&nbsp;Studienstiftung des deutschen Volkes 1990 ord. Mitglied der Academia Scientia at Artium Europaea, Salzburg 1991 ord. Mitglied der&nbsp;Bayerischen Akademie der Wissenschaften 1991 Ehrenpromotion&nbsp;Universit\u00e4t Hamburg 1997 Verdienstmedaille der&nbsp;Union tschechischer Mathematiker und Physiker 1997 Gedenkmedaille der Karls-Universit\u00e4t&nbsp;Prag 1998 Bayerischer Maximiliansorden&nbsp;f\u00fcr Wissenschaft und Kunst 1999 Liebieg Gedenkm\u00fcnze&nbsp;des Heimatkreises Reichenberg 1999 [&hellip;]","og_url":"https:\/\/bulirsch.eu\/home\/curriculum-vitae\/ehrungen\/","og_site_name":"Univ.-Prof. em. Dr. rer.nat. Dr. h.c. mult. Roland Zden\u011bk Bulirsch (Bul\u00ed\u0159)","article_modified_time":"2020-04-12T17:02:33+00:00","og_image":[{"width":1610,"height":2560,"url":"https:\/\/bulirsch.eu\/wordpress\/wp-content\/uploads\/2020\/04\/Roland_2012-scaled.jpg","type":"image\/jpeg"}],"twitter_card":"summary_large_image","twitter_misc":{"Gesch\u00e4tzte Lesezeit":"1\u00a0Minute"},"schema":{"@context":"https:\/\/schema.org","@graph":[{"@type":"WebPage","@id":"https:\/\/bulirsch.eu\/home\/curriculum-vitae\/ehrungen\/","url":"https:\/\/bulirsch.eu\/home\/curriculum-vitae\/ehrungen\/","name":"Ehrungen - Univ.-Prof. em. Dr. rer.nat. Dr. h.c. mult. Roland Zden\u011bk Bulirsch (Bul\u00ed\u0159)","isPartOf":{"@id":"https:\/\/bulirsch.eu\/home\/#website"},"primaryImageOfPage":{"@id":"https:\/\/bulirsch.eu\/home\/curriculum-vitae\/ehrungen\/#primaryimage"},"image":{"@id":"https:\/\/bulirsch.eu\/home\/curriculum-vitae\/ehrungen\/#primaryimage"},"thumbnailUrl":"https:\/\/bulirsch.eu\/wordpress\/wp-content\/uploads\/2020\/04\/Roland_2012-scaled.jpg","datePublished":"2020-04-11T15:02:32+00:00","dateModified":"2020-04-12T17:02:33+00:00","breadcrumb":{"@id":"https:\/\/bulirsch.eu\/home\/curriculum-vitae\/ehrungen\/#breadcrumb"},"inLanguage":"de","potentialAction":[{"@type":"ReadAction","target":["https:\/\/bulirsch.eu\/home\/curriculum-vitae\/ehrungen\/"]}]},{"@type":"ImageObject","inLanguage":"de","@id":"https:\/\/bulirsch.eu\/home\/curriculum-vitae\/ehrungen\/#primaryimage","url":"https:\/\/bulirsch.eu\/wordpress\/wp-content\/uploads\/2020\/04\/Roland_2012-scaled.jpg","contentUrl":"https:\/\/bulirsch.eu\/wordpress\/wp-content\/uploads\/2020\/04\/Roland_2012-scaled.jpg","width":1610,"height":2560},{"@type":"BreadcrumbList","@id":"https:\/\/bulirsch.eu\/home\/curriculum-vitae\/ehrungen\/#breadcrumb","itemListElement":[{"@type":"ListItem","position":1,"name":"Home","item":"https:\/\/bulirsch.eu\/home\/"},{"@type":"ListItem","position":2,"name":"Curriculum vitae","item":"https:\/\/bulirsch.eu\/home\/curriculum-vitae\/"},{"@type":"ListItem","position":3,"name":"Ehrungen"}]},{"@type":"WebSite","@id":"https:\/\/bulirsch.eu\/home\/#website","url":"https:\/\/bulirsch.eu\/home\/","name":"Univ.-Prof. em. Dr. rer.nat. Dr. h.c. mult. Roland Zden\u011bk Bulirsch (Bul\u00ed\u0159)","description":"","potentialAction":[{"@type":"SearchAction","target":{"@type":"EntryPoint","urlTemplate":"https:\/\/bulirsch.eu\/home\/?s={search_term_string}"},"query-input":{"@type":"PropertyValueSpecification","valueRequired":true,"valueName":"search_term_string"}}],"inLanguage":"de"}]}},"_links":{"self":[{"href":"https:\/\/bulirsch.eu\/home\/wp-json\/wp\/v2\/pages\/141","targetHints":{"allow":["GET"]}}],"collection":[{"href":"https:\/\/bulirsch.eu\/home\/wp-json\/wp\/v2\/pages"}],"about":[{"href":"https:\/\/bulirsch.eu\/home\/wp-json\/wp\/v2\/types\/page"}],"author":[{"embeddable":true,"href":"https:\/\/bulirsch.eu\/home\/wp-json\/wp\/v2\/users\/1"}],"replies":[{"embeddable":true,"href":"https:\/\/bulirsch.eu\/home\/wp-json\/wp\/v2\/comments?post=141"}],"version-history":[{"count":14,"href":"https:\/\/bulirsch.eu\/home\/wp-json\/wp\/v2\/pages\/141\/revisions"}],"predecessor-version":[{"id":534,"href":"https:\/\/bulirsch.eu\/home\/wp-json\/wp\/v2\/pages\/141\/revisions\/534"}],"up":[{"embeddable":true,"href":"https:\/\/bulirsch.eu\/home\/wp-json\/wp\/v2\/pages\/10"}],"wp:featuredmedia":[{"embeddable":true,"href":"https:\/\/bulirsch.eu\/home\/wp-json\/wp\/v2\/media\/127"}],"wp:attachment":[{"href":"https:\/\/bulirsch.eu\/home\/wp-json\/wp\/v2\/media?parent=141"}],"curies":[{"name":"wp","href":"https:\/\/api.w.org\/{rel}","templated":true}]}}