{"id":154,"date":"2020-04-11T16:39:09","date_gmt":"2020-04-11T16:39:09","guid":{"rendered":"https:\/\/bulirsch.eu\/wordpress\/?page_id=154"},"modified":"2020-04-12T11:09:45","modified_gmt":"2020-04-12T11:09:45","slug":"wissenschaftliche-filme","status":"publish","type":"page","link":"https:\/\/bulirsch.eu\/home\/publikationen\/wissenschaftliche-filme\/","title":{"rendered":"Wissenschaftliche Filme"},"content":{"rendered":"\n<hr class=\"wp-block-separator\"\/>\n\n\n\n<p><strong>Der Flug zum Mars<\/strong><br>Mit Kugelmann, B.<br>16 mm-Computer-Film, 3 min., 1985<\/p>\n\n\n\n<p><strong>Der Flug zur Vesta<\/strong><br>mit Callies, R.; Kugelmann, B.<br>16 mm-Computer-Film, 90 m, 7 min, Technische Universit\u00e4t M\u00fcnchen, 1988.<\/p>\n\n\n\n<p><strong>Abort Landing of a Boeing B 727 in the Presence of a Windshear<\/strong><br>mit Montrone, F.; Pesch, H. J.<br>16 mm-Computer-Film, 33 m, 2 min-40 sek, Technische Universit\u00e4t M\u00fcnchen, 1989.<\/p>\n\n\n\n<p><strong>Optimale Steuerung und Stufung eines 2-stufigen Raumtransporters<\/strong><br>Chudej, K.<br>16 mm-Computer-Film, Farbe, 5 min, Technische Universit\u00e4t M\u00fcnchen, 1990.<\/p>\n\n\n\n<p><strong>Simultane Flugbahn- und Stufungsoptimierung f\u00fcr einen horizontalstartenden Raumtransporter<\/strong><br>mit Chudej, K.; Kugelmann, B.<br>Computer-Videofilm, Farbe, VHS, 4 min, Technische Universit\u00e4t M\u00fcnchen, 1992.<\/p>\n\n\n\n<p><strong>Optimal Design of a Mission to Neptune<\/strong><br>mit Callies, R.<br>Computer-Videofilm, Farbe, VHS, 4 min-30 sek, Technische Universit\u00e4t M\u00fcnchen, 1992.<\/p>\n\n\n\n<p><strong>3D-Simulation eines MOS-Transistors<\/strong><br>mit Montrone, F.; Gilg, A.; Bergner, W.<br>16 mm-Computer-Film, Farbe, 5 min-10 sek, Technische Universit\u00e4t M\u00fcnchen, 1994.<\/p>\n\n\n\n<p><strong>Evolution der Sonne<\/strong><br>mit Alefeld, M.; Reiter, J.; Walsh, L.<br>16 mm-Computer-Film, Farbe, 8 min-10 sek, Technische Universit\u00e4t M\u00fcnchen, 1995.<\/p>\n\n\n\n<p><strong>Optimale Bahnplanung f\u00fcr Industrieroboter<\/strong><br>mit Heim, A.; von Stryk, O.; Pesch, H.-J.<br>Computer-Videofilm, Farbe, BetaCam-SP, 3 min-30 sek, Technische Universit\u00e4t M\u00fcnchen, 1994<\/p>\n\n\n\n<p><strong>Robots in Space<\/strong><br>mit Glocker, M.; V\u00f6gel, M.; von Stryk, O.<br>Computer-Videofilm, Farbe, BetaCam-SP, 3 min-30 sek, Technische Universit\u00e4t M\u00fcnchen, 1998<\/p>\n\n\n\n<p><strong>Vehicle Dynamics Simulation<\/strong><br>mit V\u00f6gel, M.; von Stryk, O.<br>Computer-Videofilm, Farbe, Ton, BetaCam-SP, 3 min,<br>Technische Universit\u00e4t M\u00fcnchen, 1998<br>One of the 24 winners of the worldwide VideoMath competition at the International Congress of Mathematicians (ICM), Berlin, August 20-27, 1998.<\/p>\n\n\n\n<p><strong>Virtuelle Testfahrten von Kraftfahrzeugen<\/strong><br>mit V\u00f6gel, M.; von Stryk, O.<br>Computer-Videofilm, AVI-Format, Ton, 3 min, erschienen in: CD-ROM Beilage &#8222;Auto und Computer&#8220;, CHIP 9\/1999 und Auto, Motor und Sport Heft 17\/1999 (August 1999).<\/p>\n","protected":false},"excerpt":{"rendered":"<p>Der Flug zum MarsMit Kugelmann, B.16 mm-Computer-Film, 3 min., 1985 Der Flug zur Vestamit Callies, R.; Kugelmann, B.16 mm-Computer-Film, 90 m, 7 min, Technische Universit\u00e4t M\u00fcnchen, 1988. Abort Landing of a Boeing B 727 in the Presence of a Windshearmit Montrone, F.; Pesch, H. J.16 mm-Computer-Film, 33 m, 2 min-40 [&hellip;]<\/p>\n","protected":false},"author":1,"featured_media":0,"parent":385,"menu_order":2,"comment_status":"closed","ping_status":"closed","template":"","meta":{"footnotes":""},"class_list":["post-154","page","type-page","status-publish","hentry"],"yoast_head":"<!-- This site is optimized with the Yoast SEO plugin v27.4 - https:\/\/yoast.com\/product\/yoast-seo-wordpress\/ -->\n<title>Wissenschaftliche Filme - Univ.-Prof. em. Dr. rer.nat. Dr. h.c. mult. Roland Zden\u011bk Bulirsch (Bul\u00ed\u0159)<\/title>\n<meta name=\"robots\" content=\"index, follow, max-snippet:-1, max-image-preview:large, max-video-preview:-1\" \/>\n<link rel=\"canonical\" href=\"https:\/\/bulirsch.eu\/home\/publikationen\/wissenschaftliche-filme\/\" \/>\n<meta property=\"og:locale\" content=\"de_DE\" \/>\n<meta property=\"og:type\" content=\"article\" \/>\n<meta property=\"og:title\" content=\"Wissenschaftliche Filme - Univ.-Prof. em. Dr. rer.nat. Dr. h.c. mult. Roland Zden\u011bk Bulirsch (Bul\u00ed\u0159)\" \/>\n<meta property=\"og:description\" content=\"Der Flug zum MarsMit Kugelmann, B.16 mm-Computer-Film, 3 min., 1985 Der Flug zur Vestamit Callies, R.; Kugelmann, B.16 mm-Computer-Film, 90 m, 7 min, Technische Universit\u00e4t M\u00fcnchen, 1988. Abort Landing of a Boeing B 727 in the Presence of a Windshearmit Montrone, F.; Pesch, H. J.16 mm-Computer-Film, 33 m, 2 min-40 [&hellip;]\" \/>\n<meta property=\"og:url\" content=\"https:\/\/bulirsch.eu\/home\/publikationen\/wissenschaftliche-filme\/\" \/>\n<meta property=\"og:site_name\" content=\"Univ.-Prof. em. Dr. rer.nat. Dr. h.c. mult. Roland Zden\u011bk Bulirsch (Bul\u00ed\u0159)\" \/>\n<meta property=\"article:modified_time\" content=\"2020-04-12T11:09:45+00:00\" \/>\n<meta name=\"twitter:card\" content=\"summary_large_image\" \/>\n<meta name=\"twitter:label1\" content=\"Gesch\u00e4tzte Lesezeit\" \/>\n\t<meta name=\"twitter:data1\" content=\"1\u00a0Minute\" \/>\n<script type=\"application\/ld+json\" class=\"yoast-schema-graph\">{\"@context\":\"https:\\\/\\\/schema.org\",\"@graph\":[{\"@type\":\"WebPage\",\"@id\":\"https:\\\/\\\/bulirsch.eu\\\/home\\\/publikationen\\\/wissenschaftliche-filme\\\/\",\"url\":\"https:\\\/\\\/bulirsch.eu\\\/home\\\/publikationen\\\/wissenschaftliche-filme\\\/\",\"name\":\"Wissenschaftliche Filme - Univ.-Prof. em. Dr. rer.nat. Dr. h.c. mult. Roland Zden\u011bk Bulirsch (Bul\u00ed\u0159)\",\"isPartOf\":{\"@id\":\"https:\\\/\\\/bulirsch.eu\\\/home\\\/#website\"},\"datePublished\":\"2020-04-11T16:39:09+00:00\",\"dateModified\":\"2020-04-12T11:09:45+00:00\",\"breadcrumb\":{\"@id\":\"https:\\\/\\\/bulirsch.eu\\\/home\\\/publikationen\\\/wissenschaftliche-filme\\\/#breadcrumb\"},\"inLanguage\":\"de\",\"potentialAction\":[{\"@type\":\"ReadAction\",\"target\":[\"https:\\\/\\\/bulirsch.eu\\\/home\\\/publikationen\\\/wissenschaftliche-filme\\\/\"]}]},{\"@type\":\"BreadcrumbList\",\"@id\":\"https:\\\/\\\/bulirsch.eu\\\/home\\\/publikationen\\\/wissenschaftliche-filme\\\/#breadcrumb\",\"itemListElement\":[{\"@type\":\"ListItem\",\"position\":1,\"name\":\"Home\",\"item\":\"https:\\\/\\\/bulirsch.eu\\\/home\\\/\"},{\"@type\":\"ListItem\",\"position\":2,\"name\":\"Publikationen\",\"item\":\"https:\\\/\\\/bulirsch.eu\\\/home\\\/publikationen\\\/\"},{\"@type\":\"ListItem\",\"position\":3,\"name\":\"Wissenschaftliche Filme\"}]},{\"@type\":\"WebSite\",\"@id\":\"https:\\\/\\\/bulirsch.eu\\\/home\\\/#website\",\"url\":\"https:\\\/\\\/bulirsch.eu\\\/home\\\/\",\"name\":\"Univ.-Prof. em. Dr. rer.nat. Dr. h.c. mult. Roland Zden\u011bk Bulirsch (Bul\u00ed\u0159)\",\"description\":\"\",\"potentialAction\":[{\"@type\":\"SearchAction\",\"target\":{\"@type\":\"EntryPoint\",\"urlTemplate\":\"https:\\\/\\\/bulirsch.eu\\\/home\\\/?s={search_term_string}\"},\"query-input\":{\"@type\":\"PropertyValueSpecification\",\"valueRequired\":true,\"valueName\":\"search_term_string\"}}],\"inLanguage\":\"de\"}]}<\/script>\n<!-- \/ Yoast SEO plugin. -->","yoast_head_json":{"title":"Wissenschaftliche Filme - Univ.-Prof. em. Dr. rer.nat. Dr. h.c. mult. Roland Zden\u011bk Bulirsch (Bul\u00ed\u0159)","robots":{"index":"index","follow":"follow","max-snippet":"max-snippet:-1","max-image-preview":"max-image-preview:large","max-video-preview":"max-video-preview:-1"},"canonical":"https:\/\/bulirsch.eu\/home\/publikationen\/wissenschaftliche-filme\/","og_locale":"de_DE","og_type":"article","og_title":"Wissenschaftliche Filme - Univ.-Prof. em. Dr. rer.nat. Dr. h.c. mult. Roland Zden\u011bk Bulirsch (Bul\u00ed\u0159)","og_description":"Der Flug zum MarsMit Kugelmann, B.16 mm-Computer-Film, 3 min., 1985 Der Flug zur Vestamit Callies, R.; Kugelmann, B.16 mm-Computer-Film, 90 m, 7 min, Technische Universit\u00e4t M\u00fcnchen, 1988. Abort Landing of a Boeing B 727 in the Presence of a Windshearmit Montrone, F.; Pesch, H. J.16 mm-Computer-Film, 33 m, 2 min-40 [&hellip;]","og_url":"https:\/\/bulirsch.eu\/home\/publikationen\/wissenschaftliche-filme\/","og_site_name":"Univ.-Prof. em. Dr. rer.nat. Dr. h.c. mult. Roland Zden\u011bk Bulirsch (Bul\u00ed\u0159)","article_modified_time":"2020-04-12T11:09:45+00:00","twitter_card":"summary_large_image","twitter_misc":{"Gesch\u00e4tzte Lesezeit":"1\u00a0Minute"},"schema":{"@context":"https:\/\/schema.org","@graph":[{"@type":"WebPage","@id":"https:\/\/bulirsch.eu\/home\/publikationen\/wissenschaftliche-filme\/","url":"https:\/\/bulirsch.eu\/home\/publikationen\/wissenschaftliche-filme\/","name":"Wissenschaftliche Filme - Univ.-Prof. em. Dr. rer.nat. Dr. h.c. mult. Roland Zden\u011bk Bulirsch (Bul\u00ed\u0159)","isPartOf":{"@id":"https:\/\/bulirsch.eu\/home\/#website"},"datePublished":"2020-04-11T16:39:09+00:00","dateModified":"2020-04-12T11:09:45+00:00","breadcrumb":{"@id":"https:\/\/bulirsch.eu\/home\/publikationen\/wissenschaftliche-filme\/#breadcrumb"},"inLanguage":"de","potentialAction":[{"@type":"ReadAction","target":["https:\/\/bulirsch.eu\/home\/publikationen\/wissenschaftliche-filme\/"]}]},{"@type":"BreadcrumbList","@id":"https:\/\/bulirsch.eu\/home\/publikationen\/wissenschaftliche-filme\/#breadcrumb","itemListElement":[{"@type":"ListItem","position":1,"name":"Home","item":"https:\/\/bulirsch.eu\/home\/"},{"@type":"ListItem","position":2,"name":"Publikationen","item":"https:\/\/bulirsch.eu\/home\/publikationen\/"},{"@type":"ListItem","position":3,"name":"Wissenschaftliche Filme"}]},{"@type":"WebSite","@id":"https:\/\/bulirsch.eu\/home\/#website","url":"https:\/\/bulirsch.eu\/home\/","name":"Univ.-Prof. em. Dr. rer.nat. Dr. h.c. mult. Roland Zden\u011bk Bulirsch (Bul\u00ed\u0159)","description":"","potentialAction":[{"@type":"SearchAction","target":{"@type":"EntryPoint","urlTemplate":"https:\/\/bulirsch.eu\/home\/?s={search_term_string}"},"query-input":{"@type":"PropertyValueSpecification","valueRequired":true,"valueName":"search_term_string"}}],"inLanguage":"de"}]}},"_links":{"self":[{"href":"https:\/\/bulirsch.eu\/home\/wp-json\/wp\/v2\/pages\/154","targetHints":{"allow":["GET"]}}],"collection":[{"href":"https:\/\/bulirsch.eu\/home\/wp-json\/wp\/v2\/pages"}],"about":[{"href":"https:\/\/bulirsch.eu\/home\/wp-json\/wp\/v2\/types\/page"}],"author":[{"embeddable":true,"href":"https:\/\/bulirsch.eu\/home\/wp-json\/wp\/v2\/users\/1"}],"replies":[{"embeddable":true,"href":"https:\/\/bulirsch.eu\/home\/wp-json\/wp\/v2\/comments?post=154"}],"version-history":[{"count":2,"href":"https:\/\/bulirsch.eu\/home\/wp-json\/wp\/v2\/pages\/154\/revisions"}],"predecessor-version":[{"id":157,"href":"https:\/\/bulirsch.eu\/home\/wp-json\/wp\/v2\/pages\/154\/revisions\/157"}],"up":[{"embeddable":true,"href":"https:\/\/bulirsch.eu\/home\/wp-json\/wp\/v2\/pages\/385"}],"wp:attachment":[{"href":"https:\/\/bulirsch.eu\/home\/wp-json\/wp\/v2\/media?parent=154"}],"curies":[{"name":"wp","href":"https:\/\/api.w.org\/{rel}","templated":true}]}}