{"id":159,"date":"2020-04-11T16:42:07","date_gmt":"2020-04-11T16:42:07","guid":{"rendered":"https:\/\/bulirsch.eu\/wordpress\/?page_id=159"},"modified":"2020-04-12T11:08:27","modified_gmt":"2020-04-12T11:08:27","slug":"berichte","status":"publish","type":"page","link":"https:\/\/bulirsch.eu\/home\/publikationen\/berichte\/","title":{"rendered":"Berichte"},"content":{"rendered":"\n<hr class=\"wp-block-separator\"\/>\n\n\n\n<p><strong>Numerische Simulation f\u00fcr VLSI-Entwurf und -Technologie<\/strong><br>mit Merten, K.; Gilg, A.; Steger, K.<br>Schwerpunktprogramm der Deutschen Forschungsgemeinschaft, Technische Universit\u00e4t M\u00fcnchen, Report No. 103, 1988.<\/p>\n\n\n\n<p><strong>Optimal Control in Abort Landing of a Passenger Aircraft<\/strong><br>mit Montrone, F.; Pesch, H. J.<br>Schwerpunktprogramm der Deutschen Forschungsgemeinschaft, Technische Universit\u00e4t M\u00fcnchen, Report No. 208, 1990.<\/p>\n\n\n\n<p><strong>Abort Landing in the Presence of a Windshear as a Minimax Optimal Control Problem<\/strong><br>mit Montrone, F.; Pesch, H. J.<br>Schwerpunktprogramm der Deutschen Forschungsgemeinschaft, Technische Universit\u00e4t M\u00fcnchen, Report No. 210, 1990.<\/p>\n\n\n\n<p><strong>Direct and Indirect Methods for Trajectory Optimization<\/strong><br>mit Stryk, O. von<br>Schwerpunktprogramm der Deutschen Forschungsgemeinschaft, Technische Universit\u00e4t M\u00fcnchen, Report No. 271, 1991.<\/p>\n\n\n\n<p><strong>Staging and Ascent of a Dual-Stage Space Transporter<\/strong><br>mit Chudej, K.<br>Schwerpunktprogramm der Deutschen Forschungsgemeinschaft, Technische Universit\u00e4t M\u00fcnchen, Report No. 287, 1991.<\/p>\n\n\n\n<p><strong>Combining Direct and Indirect Methods in Nonlinear Optimal Control: Range Maximization of a Hang Glider<\/strong><br>mit Nerz, E.; Pesch, H. J.; Stryk, O. von<br>Schwerpunktprogramm der Deutschen Forschungsgemeinschaft, Technische Universit\u00e4t M\u00fcnchen, Report No. 313, 1991.<\/p>\n\n\n\n<p><strong>The Maximum Principle, Bellman&#8217;s Equation and Carath\u00e9odory&#8217;s Work<\/strong><br>mit Pesch, H. J.<br>Schwerpunktprogramm der Deutschen Forschungsgemeinschaft, Technische Universit\u00e4t M\u00fcnchen, Report No. 396, 1992.<\/p>\n\n\n\n<p><strong>A multiple shooting approach for the numerical treatment of stellar structure and evolution<\/strong><br>mit Reiter, J.; Pfleiderer, J.<br>Schwerpunktprogramm der Deutschen Forschungsgemeinschaft, Technische Universit\u00e4t M\u00fcnchen, Report No. 447, 1993.<\/p>\n","protected":false},"excerpt":{"rendered":"<p>Numerische Simulation f\u00fcr VLSI-Entwurf und -Technologiemit Merten, K.; Gilg, A.; Steger, K.Schwerpunktprogramm der Deutschen Forschungsgemeinschaft, Technische Universit\u00e4t M\u00fcnchen, Report No. 103, 1988. Optimal Control in Abort Landing of a Passenger Aircraftmit Montrone, F.; Pesch, H. J.Schwerpunktprogramm der Deutschen Forschungsgemeinschaft, Technische Universit\u00e4t M\u00fcnchen, Report No. 208, 1990. Abort Landing in the [&hellip;]<\/p>\n","protected":false},"author":1,"featured_media":0,"parent":385,"menu_order":3,"comment_status":"closed","ping_status":"closed","template":"","meta":{"footnotes":""},"class_list":["post-159","page","type-page","status-publish","hentry"],"yoast_head":"<!-- This site is optimized with the Yoast SEO plugin v27.6 - https:\/\/yoast.com\/product\/yoast-seo-wordpress\/ -->\n<title>Berichte - Univ.-Prof. em. Dr. rer.nat. Dr. h.c. mult. Roland Zden\u011bk Bulirsch (Bul\u00ed\u0159)<\/title>\n<meta name=\"robots\" content=\"index, follow, max-snippet:-1, max-image-preview:large, max-video-preview:-1\" \/>\n<link rel=\"canonical\" href=\"https:\/\/bulirsch.eu\/home\/publikationen\/berichte\/\" \/>\n<meta property=\"og:locale\" content=\"de_DE\" \/>\n<meta property=\"og:type\" content=\"article\" \/>\n<meta property=\"og:title\" content=\"Berichte - Univ.-Prof. em. Dr. rer.nat. Dr. h.c. mult. Roland Zden\u011bk Bulirsch (Bul\u00ed\u0159)\" \/>\n<meta property=\"og:description\" content=\"Numerische Simulation f\u00fcr VLSI-Entwurf und -Technologiemit Merten, K.; Gilg, A.; Steger, K.Schwerpunktprogramm der Deutschen Forschungsgemeinschaft, Technische Universit\u00e4t M\u00fcnchen, Report No. 103, 1988. Optimal Control in Abort Landing of a Passenger Aircraftmit Montrone, F.; Pesch, H. J.Schwerpunktprogramm der Deutschen Forschungsgemeinschaft, Technische Universit\u00e4t M\u00fcnchen, Report No. 208, 1990. Abort Landing in the [&hellip;]\" \/>\n<meta property=\"og:url\" content=\"https:\/\/bulirsch.eu\/home\/publikationen\/berichte\/\" \/>\n<meta property=\"og:site_name\" content=\"Univ.-Prof. em. Dr. rer.nat. Dr. h.c. mult. Roland Zden\u011bk Bulirsch (Bul\u00ed\u0159)\" \/>\n<meta property=\"article:modified_time\" content=\"2020-04-12T11:08:27+00:00\" \/>\n<meta name=\"twitter:card\" content=\"summary_large_image\" \/>\n<meta name=\"twitter:label1\" content=\"Gesch\u00e4tzte Lesezeit\" \/>\n\t<meta name=\"twitter:data1\" content=\"1\u00a0Minute\" \/>\n<script type=\"application\/ld+json\" class=\"yoast-schema-graph\">{\"@context\":\"https:\\\/\\\/schema.org\",\"@graph\":[{\"@type\":\"WebPage\",\"@id\":\"https:\\\/\\\/bulirsch.eu\\\/home\\\/publikationen\\\/berichte\\\/\",\"url\":\"https:\\\/\\\/bulirsch.eu\\\/home\\\/publikationen\\\/berichte\\\/\",\"name\":\"Berichte - Univ.-Prof. em. Dr. rer.nat. Dr. h.c. mult. Roland Zden\u011bk Bulirsch (Bul\u00ed\u0159)\",\"isPartOf\":{\"@id\":\"https:\\\/\\\/bulirsch.eu\\\/home\\\/#website\"},\"datePublished\":\"2020-04-11T16:42:07+00:00\",\"dateModified\":\"2020-04-12T11:08:27+00:00\",\"breadcrumb\":{\"@id\":\"https:\\\/\\\/bulirsch.eu\\\/home\\\/publikationen\\\/berichte\\\/#breadcrumb\"},\"inLanguage\":\"de\",\"potentialAction\":[{\"@type\":\"ReadAction\",\"target\":[\"https:\\\/\\\/bulirsch.eu\\\/home\\\/publikationen\\\/berichte\\\/\"]}]},{\"@type\":\"BreadcrumbList\",\"@id\":\"https:\\\/\\\/bulirsch.eu\\\/home\\\/publikationen\\\/berichte\\\/#breadcrumb\",\"itemListElement\":[{\"@type\":\"ListItem\",\"position\":1,\"name\":\"Home\",\"item\":\"https:\\\/\\\/bulirsch.eu\\\/home\\\/\"},{\"@type\":\"ListItem\",\"position\":2,\"name\":\"Publikationen\",\"item\":\"https:\\\/\\\/bulirsch.eu\\\/home\\\/publikationen\\\/\"},{\"@type\":\"ListItem\",\"position\":3,\"name\":\"Berichte\"}]},{\"@type\":\"WebSite\",\"@id\":\"https:\\\/\\\/bulirsch.eu\\\/home\\\/#website\",\"url\":\"https:\\\/\\\/bulirsch.eu\\\/home\\\/\",\"name\":\"Univ.-Prof. em. Dr. rer.nat. Dr. h.c. mult. Roland Zden\u011bk Bulirsch (Bul\u00ed\u0159)\",\"description\":\"\",\"potentialAction\":[{\"@type\":\"SearchAction\",\"target\":{\"@type\":\"EntryPoint\",\"urlTemplate\":\"https:\\\/\\\/bulirsch.eu\\\/home\\\/?s={search_term_string}\"},\"query-input\":{\"@type\":\"PropertyValueSpecification\",\"valueRequired\":true,\"valueName\":\"search_term_string\"}}],\"inLanguage\":\"de\"}]}<\/script>\n<!-- \/ Yoast SEO plugin. -->","yoast_head_json":{"title":"Berichte - Univ.-Prof. em. Dr. rer.nat. Dr. h.c. mult. Roland Zden\u011bk Bulirsch (Bul\u00ed\u0159)","robots":{"index":"index","follow":"follow","max-snippet":"max-snippet:-1","max-image-preview":"max-image-preview:large","max-video-preview":"max-video-preview:-1"},"canonical":"https:\/\/bulirsch.eu\/home\/publikationen\/berichte\/","og_locale":"de_DE","og_type":"article","og_title":"Berichte - Univ.-Prof. em. Dr. rer.nat. Dr. h.c. mult. Roland Zden\u011bk Bulirsch (Bul\u00ed\u0159)","og_description":"Numerische Simulation f\u00fcr VLSI-Entwurf und -Technologiemit Merten, K.; Gilg, A.; Steger, K.Schwerpunktprogramm der Deutschen Forschungsgemeinschaft, Technische Universit\u00e4t M\u00fcnchen, Report No. 103, 1988. Optimal Control in Abort Landing of a Passenger Aircraftmit Montrone, F.; Pesch, H. J.Schwerpunktprogramm der Deutschen Forschungsgemeinschaft, Technische Universit\u00e4t M\u00fcnchen, Report No. 208, 1990. Abort Landing in the [&hellip;]","og_url":"https:\/\/bulirsch.eu\/home\/publikationen\/berichte\/","og_site_name":"Univ.-Prof. em. Dr. rer.nat. Dr. h.c. mult. Roland Zden\u011bk Bulirsch (Bul\u00ed\u0159)","article_modified_time":"2020-04-12T11:08:27+00:00","twitter_card":"summary_large_image","twitter_misc":{"Gesch\u00e4tzte Lesezeit":"1\u00a0Minute"},"schema":{"@context":"https:\/\/schema.org","@graph":[{"@type":"WebPage","@id":"https:\/\/bulirsch.eu\/home\/publikationen\/berichte\/","url":"https:\/\/bulirsch.eu\/home\/publikationen\/berichte\/","name":"Berichte - Univ.-Prof. em. Dr. rer.nat. Dr. h.c. mult. Roland Zden\u011bk Bulirsch (Bul\u00ed\u0159)","isPartOf":{"@id":"https:\/\/bulirsch.eu\/home\/#website"},"datePublished":"2020-04-11T16:42:07+00:00","dateModified":"2020-04-12T11:08:27+00:00","breadcrumb":{"@id":"https:\/\/bulirsch.eu\/home\/publikationen\/berichte\/#breadcrumb"},"inLanguage":"de","potentialAction":[{"@type":"ReadAction","target":["https:\/\/bulirsch.eu\/home\/publikationen\/berichte\/"]}]},{"@type":"BreadcrumbList","@id":"https:\/\/bulirsch.eu\/home\/publikationen\/berichte\/#breadcrumb","itemListElement":[{"@type":"ListItem","position":1,"name":"Home","item":"https:\/\/bulirsch.eu\/home\/"},{"@type":"ListItem","position":2,"name":"Publikationen","item":"https:\/\/bulirsch.eu\/home\/publikationen\/"},{"@type":"ListItem","position":3,"name":"Berichte"}]},{"@type":"WebSite","@id":"https:\/\/bulirsch.eu\/home\/#website","url":"https:\/\/bulirsch.eu\/home\/","name":"Univ.-Prof. em. Dr. rer.nat. Dr. h.c. mult. Roland Zden\u011bk Bulirsch (Bul\u00ed\u0159)","description":"","potentialAction":[{"@type":"SearchAction","target":{"@type":"EntryPoint","urlTemplate":"https:\/\/bulirsch.eu\/home\/?s={search_term_string}"},"query-input":{"@type":"PropertyValueSpecification","valueRequired":true,"valueName":"search_term_string"}}],"inLanguage":"de"}]}},"_links":{"self":[{"href":"https:\/\/bulirsch.eu\/home\/wp-json\/wp\/v2\/pages\/159","targetHints":{"allow":["GET"]}}],"collection":[{"href":"https:\/\/bulirsch.eu\/home\/wp-json\/wp\/v2\/pages"}],"about":[{"href":"https:\/\/bulirsch.eu\/home\/wp-json\/wp\/v2\/types\/page"}],"author":[{"embeddable":true,"href":"https:\/\/bulirsch.eu\/home\/wp-json\/wp\/v2\/users\/1"}],"replies":[{"embeddable":true,"href":"https:\/\/bulirsch.eu\/home\/wp-json\/wp\/v2\/comments?post=159"}],"version-history":[{"count":2,"href":"https:\/\/bulirsch.eu\/home\/wp-json\/wp\/v2\/pages\/159\/revisions"}],"predecessor-version":[{"id":161,"href":"https:\/\/bulirsch.eu\/home\/wp-json\/wp\/v2\/pages\/159\/revisions\/161"}],"up":[{"embeddable":true,"href":"https:\/\/bulirsch.eu\/home\/wp-json\/wp\/v2\/pages\/385"}],"wp:attachment":[{"href":"https:\/\/bulirsch.eu\/home\/wp-json\/wp\/v2\/media?parent=159"}],"curies":[{"name":"wp","href":"https:\/\/api.w.org\/{rel}","templated":true}]}}