{"id":18,"date":"2020-04-11T13:27:22","date_gmt":"2020-04-11T13:27:22","guid":{"rendered":"https:\/\/bulirsch.eu\/wordpress\/?page_id=18"},"modified":"2020-04-11T13:29:49","modified_gmt":"2020-04-11T13:29:49","slug":"dissertationen","status":"publish","type":"page","link":"https:\/\/bulirsch.eu\/home\/forschunglehre\/dissertationen\/","title":{"rendered":"Dissertationen"},"content":{"rendered":"\n<p>1970 &#8211; 2000 bei Roland Z. Bulirsch (1. Referent)<\/p>\n\n\n\n<hr class=\"wp-block-separator\"\/>\n\n\n\n<h3 class=\"wp-block-heading\">University of California San Diego<\/h3>\n\n\n\n<p>1970<br>Smith Robert R.<br>Extrapolation Applied to the Numerical Solution of Hyperbolic Partial Differential Equations.<\/p>\n\n\n\n<hr class=\"wp-block-separator\"\/>\n\n\n\n<h3 class=\"wp-block-heading\">Universit\u00e4t zu K\u00f6ln<\/h3>\n\n\n\n<p>1971<br>Schaible Siegfried<br>Beitr\u00e4ge zur quasikonvexen Programmierung.<\/p>\n\n\n\n<p>1972<br>Deuflhard Peter<br>Ein Newton-Verfahren bei fastsingul\u00e4rer Funktionalmatrix zur L\u00f6sung von nichtlinearen Randwertaufgaben mit der Mehrzielmethode.<\/p>\n\n\n\n<p>Maurer Helmut<br>Zur numerischen Berechnung optimaler singul\u00e4rer Steuerungen.<\/p>\n\n\n\n<p>1973<br>Hackbusch Wolfgang<br>Die Verwendung der Extrapolationsmethode zur numerischen L\u00f6sung hyperbolischer Differentialgleichungen.<\/p>\n\n\n\n<hr class=\"wp-block-separator\"\/>\n\n\n\n<h3 class=\"wp-block-heading\">Technische Universit\u00e4t M\u00fcnchen<\/h3>\n\n\n\n<p>1975<br>T\u00e4ube Dietmar<br>Experimente an Modellen der dynamischen Meteorologie zur Beschreibung der Bewegung von Warm- und Kaltfronten und zur Simulation der Zyklogenese.<\/p>\n\n\n\n<p>1977<br>Rentrop Peter<br>Eine Taylorreihenmethode zur numerischen L\u00f6sung von Zwei-Punkt Randwertproblemen mit Anwendung auf singul\u00e4re Probleme der nichtlinearen Schalentheorie.<\/p>\n\n\n\n<p>Steuerwald Joachim<br>Monotone Einschritt-Differenzenverfahren f\u00fcr Diffusionsgleichungen.<\/p>\n\n\n\n<p>Seydel R\u00fcdiger<br>Numerische Berechnung von Verzweigungen bei gew\u00f6hnlichen Differentialgleichungen.<\/p>\n\n\n\n<p>Diekhoff Hans-J\u00f6rg<br>Praktische Berechnung optimaler Steuerungen f\u00fcr ein \u00dcberschallflugzeug.<\/p>\n\n\n\n<p>Oberle Hans Joachim<br>Numerische Behandlung singul\u00e4rer Steuerungen mit der Mehrzielmethode am Beispiel der Klimatisierung von Sonnenh\u00e4usern.<\/p>\n\n\n\n<p>Busch Wolfgang<br>Schrittweitenextrapolation bei Einschrittverfahren zur L\u00f6sung des Cauchyschen Anfangswertproblems.<\/p>\n\n\n\n<p>1978<br>Pesch Hans Josef<br>Numerische Berechnung optimaler Flugbahnkorrekturen in Echtzeit-Rechnung.<\/p>\n\n\n\n<p>Lory Peter<br>Homotopieverfahren und Anwendung der Mehrzielmethode auf mathematische Modelle aus der Physiologie.<\/p>\n\n\n\n<p>1981<br>Reinsch Klaus-Dieter<br>Numerische Berechnung von Biegelinien in der Ebene.<\/p>\n\n\n\n<p>1982<br>Maier Maximilian<br>Numerische L\u00f6sung singul\u00e4r gest\u00f6rter Randwertprobleme mit Anwendung auf Halbleitermodelle.<\/p>\n\n\n\n<p>1983<br>Kosin Eckhard<br>Ein Homotopieverfahren zur numerischen Berechnung von L\u00f6sungszweigen nichtlinearer Gleichungssysteme mit spezieller Anwendung auf die Mehrzielmethode.<\/p>\n\n\n\n<p>Gerstl Michael<br>Die Gau\u00df-Kr\u00fcgersche Abbildung des Erdellipsoides mit direkter Berechnung der elliptischen Integrale durch Landentransformation.<\/p>\n\n\n\n<p>1984<br>Gilg Albert<br>Eine adaptive Kollokations-Linienmethode zur numerischen L\u00f6sung parabolischer Differentialgleichungen mit Anwendung auf R\u00f6hrenmodelle aus der Biologie.<\/p>\n\n\n\n<p>1987<br>Schmidt Walter<br>Numerische Behandlung von Randwertaufgaben bei Volterraschen Integralgleichungen zweiter Art mit Anwendung auf Probleme der Rheologie.<\/p>\n\n\n\n<p>Kleinsteuber Ralf<br>Berechnung optimaler Frequenzverteilungen in UKW-Sendernetzen.<\/p>\n\n\n\n<p>Kugelmann Bernd<br>Zeitminimale Berechnung von R\u00fcckkopplungssteuerungen f\u00fcr optimale Lenkungsprobleme mit Anwendung in der Raumfahrt.<\/p>\n\n\n\n<p>1988<br>F\u00fchrer Claus<br>Differential-algebraische Gleichungssysteme in mechanischen Mehrk\u00f6rpersystemen. Theorie, numerische Ans\u00e4tze und Anwendungen.<\/p>\n\n\n\n<p>1989<br>Kiehl Martin<br>Vektorisierung der Mehrzielmethode zur L\u00f6sung von Mehrpunktrandwertproblemen und Aufgaben der optimalen Steuerung.<\/p>\n\n\n\n<p>Speer Thomas<br>Kontinuierliche Runge-Kutta-Approximationen f\u00fcr steife Differentialgleichungen mit Anwendung in der Fahrzeugdynamik.<\/p>\n\n\n\n<p>Leiner Ulrich<br>Optimale Steuerung eines Roboterarms auf Bahnen unter autonomen und nichtautonomen Nebenbedingungen.<\/p>\n\n\n\n<p>1990<br>Hiltmann Peter<br>Numerische L\u00f6sung von Mehrpunkt-Randwertproblemen und Aufgaben der optimalen Steuerung mit Steuerfunktionen \u00fcber endlichdimensionalen R\u00e4umen.<\/p>\n\n\n\n<p>Callies Rainer<br>Optimale Flugbahnen einer Raumsonde mit Ionentriebwerken.<\/p>\n\n\n\n<p>1992<br>Denk Georg<br>Ein neues Diskretisierungsverfahren zur effizienten numerischen L\u00f6sung rasch oszillierender Differentialgleichungen.<\/p>\n\n\n\n<p>Grimm Werner<br>Lenkung von Hochleistungsflugzeugen<br>Vergleich von optimaler Steuerung und fastoptimaler Echtzeitsteuerung.<\/p>\n\n\n\n<p>1994<br>Chudej Kurt<br>Optimale Steuerung des Aufstiegs eines zweistufigen Hyperschall-Raumtransporters.<\/p>\n\n\n\n<p>von Stryk Oskar<br>Numerische L\u00f6sung optimaler Steuerungspobleme: Diskretisierung, Parameteroptimierung und Berechnung der adjungierten Variablen.<\/p>\n\n\n\n<p>1995<br>Montrone Francesco<br>Ein robustes adaptives Verfahren zur numerischen L\u00f6sung der partiellen Differentialgleichungen bei elektronischen Bauelementen in drei Raumdimensionen.<\/p>\n\n\n\n<p>Miesbach Stefan<br>Bahnf\u00fchrung von Robotern mit Neuronalen Netzen.<\/p>\n\n\n\n<p>1998<br>Selting Petra<br>Optimale Auslegung mikroelektronischer Systeme &#8211; Stabilit\u00e4t von Oszillatorschaltungen.<\/p>\n\n\n\n<p>Heim Alexander<br>Modellierung, Simulation und optimale Bahnplanung bei Industrierobotern.<\/p>\n\n\n\n<p>Alefeld Markus<br>Visualisierung dreidimensionaler Szenen.<\/p>\n\n\n\n<p>1999<br>Haber J\u00f6rg<br>Konstruktion und Implementierung eines neuen Verfahrens zur Kompression von Bilddaten.<\/p>\n\n\n\n<p>2000<br>Kahlert Martin<br>Reduktion parasit\u00e4rer Schaltungselemente unter Verwendung der Spektralzerlegung.<\/p>\n\n\n\n<p>Penski Christian<br>Numerische Integration stochastischer differential-algebraischer Gleichungen in elektrischen Schaltungen.<\/p>\n\n\n\n<p>Tscharnuter Dietmar<br>Optimale Auslegung des Antriebsstrangs von Kraftfahrzeugen.<\/p>\n","protected":false},"excerpt":{"rendered":"<p>1970 &#8211; 2000 bei Roland Z. Bulirsch (1. Referent) University of California San Diego 1970Smith Robert R.Extrapolation Applied to the Numerical Solution of Hyperbolic Partial Differential Equations. Universit\u00e4t zu K\u00f6ln 1971Schaible SiegfriedBeitr\u00e4ge zur quasikonvexen Programmierung. 1972Deuflhard PeterEin Newton-Verfahren bei fastsingul\u00e4rer Funktionalmatrix zur L\u00f6sung von nichtlinearen Randwertaufgaben mit der Mehrzielmethode. Maurer [&hellip;]<\/p>\n","protected":false},"author":1,"featured_media":0,"parent":12,"menu_order":2,"comment_status":"closed","ping_status":"closed","template":"","meta":{"footnotes":""},"class_list":["post-18","page","type-page","status-publish","hentry"],"yoast_head":"<!-- This site is optimized with the Yoast SEO plugin v27.4 - https:\/\/yoast.com\/product\/yoast-seo-wordpress\/ -->\n<title>Dissertationen - Univ.-Prof. em. Dr. rer.nat. Dr. h.c. mult. Roland Zden\u011bk Bulirsch (Bul\u00ed\u0159)<\/title>\n<meta name=\"robots\" content=\"index, follow, max-snippet:-1, max-image-preview:large, max-video-preview:-1\" \/>\n<link rel=\"canonical\" href=\"https:\/\/bulirsch.eu\/home\/forschunglehre\/dissertationen\/\" \/>\n<meta property=\"og:locale\" content=\"de_DE\" \/>\n<meta property=\"og:type\" content=\"article\" \/>\n<meta property=\"og:title\" content=\"Dissertationen - Univ.-Prof. em. Dr. rer.nat. Dr. h.c. mult. Roland Zden\u011bk Bulirsch (Bul\u00ed\u0159)\" \/>\n<meta property=\"og:description\" content=\"1970 &#8211; 2000 bei Roland Z. Bulirsch (1. Referent) University of California San Diego 1970Smith Robert R.Extrapolation Applied to the Numerical Solution of Hyperbolic Partial Differential Equations. Universit\u00e4t zu K\u00f6ln 1971Schaible SiegfriedBeitr\u00e4ge zur quasikonvexen Programmierung. 1972Deuflhard PeterEin Newton-Verfahren bei fastsingul\u00e4rer Funktionalmatrix zur L\u00f6sung von nichtlinearen Randwertaufgaben mit der Mehrzielmethode. Maurer [&hellip;]\" \/>\n<meta property=\"og:url\" content=\"https:\/\/bulirsch.eu\/home\/forschunglehre\/dissertationen\/\" \/>\n<meta property=\"og:site_name\" content=\"Univ.-Prof. em. Dr. rer.nat. Dr. h.c. mult. Roland Zden\u011bk Bulirsch (Bul\u00ed\u0159)\" \/>\n<meta property=\"article:modified_time\" content=\"2020-04-11T13:29:49+00:00\" \/>\n<meta name=\"twitter:card\" content=\"summary_large_image\" \/>\n<meta name=\"twitter:label1\" content=\"Gesch\u00e4tzte Lesezeit\" \/>\n\t<meta name=\"twitter:data1\" content=\"3\u00a0Minuten\" \/>\n<script type=\"application\/ld+json\" class=\"yoast-schema-graph\">{\"@context\":\"https:\\\/\\\/schema.org\",\"@graph\":[{\"@type\":\"WebPage\",\"@id\":\"https:\\\/\\\/bulirsch.eu\\\/home\\\/forschunglehre\\\/dissertationen\\\/\",\"url\":\"https:\\\/\\\/bulirsch.eu\\\/home\\\/forschunglehre\\\/dissertationen\\\/\",\"name\":\"Dissertationen - Univ.-Prof. em. Dr. rer.nat. Dr. h.c. mult. Roland Zden\u011bk Bulirsch (Bul\u00ed\u0159)\",\"isPartOf\":{\"@id\":\"https:\\\/\\\/bulirsch.eu\\\/home\\\/#website\"},\"datePublished\":\"2020-04-11T13:27:22+00:00\",\"dateModified\":\"2020-04-11T13:29:49+00:00\",\"breadcrumb\":{\"@id\":\"https:\\\/\\\/bulirsch.eu\\\/home\\\/forschunglehre\\\/dissertationen\\\/#breadcrumb\"},\"inLanguage\":\"de\",\"potentialAction\":[{\"@type\":\"ReadAction\",\"target\":[\"https:\\\/\\\/bulirsch.eu\\\/home\\\/forschunglehre\\\/dissertationen\\\/\"]}]},{\"@type\":\"BreadcrumbList\",\"@id\":\"https:\\\/\\\/bulirsch.eu\\\/home\\\/forschunglehre\\\/dissertationen\\\/#breadcrumb\",\"itemListElement\":[{\"@type\":\"ListItem\",\"position\":1,\"name\":\"Home\",\"item\":\"https:\\\/\\\/bulirsch.eu\\\/home\\\/\"},{\"@type\":\"ListItem\",\"position\":2,\"name\":\"Forschung&#038;Lehre\",\"item\":\"https:\\\/\\\/bulirsch.eu\\\/home\\\/forschunglehre\\\/\"},{\"@type\":\"ListItem\",\"position\":3,\"name\":\"Dissertationen\"}]},{\"@type\":\"WebSite\",\"@id\":\"https:\\\/\\\/bulirsch.eu\\\/home\\\/#website\",\"url\":\"https:\\\/\\\/bulirsch.eu\\\/home\\\/\",\"name\":\"Univ.-Prof. em. Dr. rer.nat. Dr. h.c. mult. Roland Zden\u011bk Bulirsch (Bul\u00ed\u0159)\",\"description\":\"\",\"potentialAction\":[{\"@type\":\"SearchAction\",\"target\":{\"@type\":\"EntryPoint\",\"urlTemplate\":\"https:\\\/\\\/bulirsch.eu\\\/home\\\/?s={search_term_string}\"},\"query-input\":{\"@type\":\"PropertyValueSpecification\",\"valueRequired\":true,\"valueName\":\"search_term_string\"}}],\"inLanguage\":\"de\"}]}<\/script>\n<!-- \/ Yoast SEO plugin. -->","yoast_head_json":{"title":"Dissertationen - Univ.-Prof. em. Dr. rer.nat. Dr. h.c. mult. Roland Zden\u011bk Bulirsch (Bul\u00ed\u0159)","robots":{"index":"index","follow":"follow","max-snippet":"max-snippet:-1","max-image-preview":"max-image-preview:large","max-video-preview":"max-video-preview:-1"},"canonical":"https:\/\/bulirsch.eu\/home\/forschunglehre\/dissertationen\/","og_locale":"de_DE","og_type":"article","og_title":"Dissertationen - Univ.-Prof. em. Dr. rer.nat. Dr. h.c. mult. Roland Zden\u011bk Bulirsch (Bul\u00ed\u0159)","og_description":"1970 &#8211; 2000 bei Roland Z. Bulirsch (1. Referent) University of California San Diego 1970Smith Robert R.Extrapolation Applied to the Numerical Solution of Hyperbolic Partial Differential Equations. Universit\u00e4t zu K\u00f6ln 1971Schaible SiegfriedBeitr\u00e4ge zur quasikonvexen Programmierung. 1972Deuflhard PeterEin Newton-Verfahren bei fastsingul\u00e4rer Funktionalmatrix zur L\u00f6sung von nichtlinearen Randwertaufgaben mit der Mehrzielmethode. Maurer [&hellip;]","og_url":"https:\/\/bulirsch.eu\/home\/forschunglehre\/dissertationen\/","og_site_name":"Univ.-Prof. em. Dr. rer.nat. Dr. h.c. mult. Roland Zden\u011bk Bulirsch (Bul\u00ed\u0159)","article_modified_time":"2020-04-11T13:29:49+00:00","twitter_card":"summary_large_image","twitter_misc":{"Gesch\u00e4tzte Lesezeit":"3\u00a0Minuten"},"schema":{"@context":"https:\/\/schema.org","@graph":[{"@type":"WebPage","@id":"https:\/\/bulirsch.eu\/home\/forschunglehre\/dissertationen\/","url":"https:\/\/bulirsch.eu\/home\/forschunglehre\/dissertationen\/","name":"Dissertationen - Univ.-Prof. em. Dr. rer.nat. Dr. h.c. mult. Roland Zden\u011bk Bulirsch (Bul\u00ed\u0159)","isPartOf":{"@id":"https:\/\/bulirsch.eu\/home\/#website"},"datePublished":"2020-04-11T13:27:22+00:00","dateModified":"2020-04-11T13:29:49+00:00","breadcrumb":{"@id":"https:\/\/bulirsch.eu\/home\/forschunglehre\/dissertationen\/#breadcrumb"},"inLanguage":"de","potentialAction":[{"@type":"ReadAction","target":["https:\/\/bulirsch.eu\/home\/forschunglehre\/dissertationen\/"]}]},{"@type":"BreadcrumbList","@id":"https:\/\/bulirsch.eu\/home\/forschunglehre\/dissertationen\/#breadcrumb","itemListElement":[{"@type":"ListItem","position":1,"name":"Home","item":"https:\/\/bulirsch.eu\/home\/"},{"@type":"ListItem","position":2,"name":"Forschung&#038;Lehre","item":"https:\/\/bulirsch.eu\/home\/forschunglehre\/"},{"@type":"ListItem","position":3,"name":"Dissertationen"}]},{"@type":"WebSite","@id":"https:\/\/bulirsch.eu\/home\/#website","url":"https:\/\/bulirsch.eu\/home\/","name":"Univ.-Prof. em. Dr. rer.nat. Dr. h.c. mult. Roland Zden\u011bk Bulirsch (Bul\u00ed\u0159)","description":"","potentialAction":[{"@type":"SearchAction","target":{"@type":"EntryPoint","urlTemplate":"https:\/\/bulirsch.eu\/home\/?s={search_term_string}"},"query-input":{"@type":"PropertyValueSpecification","valueRequired":true,"valueName":"search_term_string"}}],"inLanguage":"de"}]}},"_links":{"self":[{"href":"https:\/\/bulirsch.eu\/home\/wp-json\/wp\/v2\/pages\/18","targetHints":{"allow":["GET"]}}],"collection":[{"href":"https:\/\/bulirsch.eu\/home\/wp-json\/wp\/v2\/pages"}],"about":[{"href":"https:\/\/bulirsch.eu\/home\/wp-json\/wp\/v2\/types\/page"}],"author":[{"embeddable":true,"href":"https:\/\/bulirsch.eu\/home\/wp-json\/wp\/v2\/users\/1"}],"replies":[{"embeddable":true,"href":"https:\/\/bulirsch.eu\/home\/wp-json\/wp\/v2\/comments?post=18"}],"version-history":[{"count":4,"href":"https:\/\/bulirsch.eu\/home\/wp-json\/wp\/v2\/pages\/18\/revisions"}],"predecessor-version":[{"id":22,"href":"https:\/\/bulirsch.eu\/home\/wp-json\/wp\/v2\/pages\/18\/revisions\/22"}],"up":[{"embeddable":true,"href":"https:\/\/bulirsch.eu\/home\/wp-json\/wp\/v2\/pages\/12"}],"wp:attachment":[{"href":"https:\/\/bulirsch.eu\/home\/wp-json\/wp\/v2\/media?parent=18"}],"curies":[{"name":"wp","href":"https:\/\/api.w.org\/{rel}","templated":true}]}}