{"id":182,"date":"2020-04-11T17:26:50","date_gmt":"2020-04-11T17:26:50","guid":{"rendered":"https:\/\/bulirsch.eu\/wordpress\/?page_id=182"},"modified":"2020-04-12T17:07:24","modified_gmt":"2020-04-12T17:07:24","slug":"presse","status":"publish","type":"page","link":"https:\/\/bulirsch.eu\/home\/presse\/","title":{"rendered":"Presse"},"content":{"rendered":"\n<ul class=\"wp-block-list\"><li>Verleihung der Ehrendoktorw\u00fcrde an der TU Liberec am 8.11.2000<ul><li><a href=\"https:\/\/bulirsch.eu\/wordpress\/verleihung-der-ehrendoktorwuerde-an-der-tu-liberec-presse\/\">Presse<\/a><\/li><li><a href=\"https:\/\/bulirsch.eu\/wordpress\/verleihung-der-ehrendoktorwurde-an-der-tu-liberec-am-8-11-2000-laudatio\/\">Laudatio<\/a><\/li><li><a href=\"https:\/\/bulirsch.eu\/wordpress\/verleihung-der-ehrendoktorwurde-an-der-tu-liberec-rede-deutsch\/\">Rede deutsch<\/a><\/li><li><a href=\"https:\/\/bulirsch.eu\/wordpress\/verleihung-der-ehrendoktorwuerde-an-der-tu-liberec-rede-tschechisch\/\">Rede tschechisch<\/a><\/li><\/ul><\/li><li><a href=\"https:\/\/bulirsch.eu\/wordpress\/virtual-reality-symbiosis-of-science-and-art\/\">Virtual Reality &#8211; Symbiosis of Science and Art<\/a><\/li><li><a href=\"http:\/\/bulirsch.eu\/presse\/Vortrag_Radiologie.jpg\"><\/a><a href=\"https:\/\/bulirsch.eu\/wordpress\/virtuelle-welten-wirklichkeit-aus-dem-rechner\/\">Virtuelle Welten &#8211; Wirklichkeit aus dem Rechner<\/a><\/li><li><a href=\"http:\/\/bulirsch.eu\/presse\/Vortrag_Cottbus2.jpg\"><\/a><a href=\"https:\/\/bulirsch.eu\/wordpress\/der-professor-in-der-lederkluft\/\">Der Professor in der Lederkluft<\/a><\/li><\/ul>\n\n\n\n<p><\/p>\n","protected":false},"excerpt":{"rendered":"<p>Verleihung der Ehrendoktorw\u00fcrde an der TU Liberec am 8.11.2000 Presse Laudatio Rede deutsch Rede tschechisch Virtual Reality &#8211; Symbiosis of Science and Art Virtuelle Welten &#8211; Wirklichkeit aus dem Rechner Der Professor in der Lederkluft<\/p>\n","protected":false},"author":1,"featured_media":0,"parent":0,"menu_order":5,"comment_status":"closed","ping_status":"closed","template":"","meta":{"footnotes":""},"class_list":["post-182","page","type-page","status-publish","hentry"],"yoast_head":"<!-- This site is optimized with the Yoast SEO plugin v27.4 - https:\/\/yoast.com\/product\/yoast-seo-wordpress\/ -->\n<title>Presse - Univ.-Prof. em. Dr. rer.nat. Dr. h.c. mult. Roland Zden\u011bk Bulirsch (Bul\u00ed\u0159)<\/title>\n<meta name=\"robots\" content=\"index, follow, max-snippet:-1, max-image-preview:large, max-video-preview:-1\" \/>\n<link rel=\"canonical\" href=\"https:\/\/bulirsch.eu\/home\/presse\/\" \/>\n<meta property=\"og:locale\" content=\"de_DE\" \/>\n<meta property=\"og:type\" content=\"article\" \/>\n<meta property=\"og:title\" content=\"Presse - Univ.-Prof. em. Dr. rer.nat. Dr. h.c. mult. Roland Zden\u011bk Bulirsch (Bul\u00ed\u0159)\" \/>\n<meta property=\"og:description\" content=\"Verleihung der Ehrendoktorw\u00fcrde an der TU Liberec am 8.11.2000 Presse Laudatio Rede deutsch Rede tschechisch Virtual Reality &#8211; Symbiosis of Science and Art Virtuelle Welten &#8211; Wirklichkeit aus dem Rechner Der Professor in der Lederkluft\" \/>\n<meta property=\"og:url\" content=\"https:\/\/bulirsch.eu\/home\/presse\/\" \/>\n<meta property=\"og:site_name\" content=\"Univ.-Prof. em. Dr. rer.nat. Dr. h.c. mult. Roland Zden\u011bk Bulirsch (Bul\u00ed\u0159)\" \/>\n<meta property=\"article:modified_time\" content=\"2020-04-12T17:07:24+00:00\" \/>\n<meta name=\"twitter:card\" content=\"summary_large_image\" \/>\n<script type=\"application\/ld+json\" class=\"yoast-schema-graph\">{\"@context\":\"https:\\\/\\\/schema.org\",\"@graph\":[{\"@type\":\"WebPage\",\"@id\":\"https:\\\/\\\/bulirsch.eu\\\/home\\\/presse\\\/\",\"url\":\"https:\\\/\\\/bulirsch.eu\\\/home\\\/presse\\\/\",\"name\":\"Presse - Univ.-Prof. em. Dr. rer.nat. Dr. h.c. mult. Roland Zden\u011bk Bulirsch (Bul\u00ed\u0159)\",\"isPartOf\":{\"@id\":\"https:\\\/\\\/bulirsch.eu\\\/home\\\/#website\"},\"datePublished\":\"2020-04-11T17:26:50+00:00\",\"dateModified\":\"2020-04-12T17:07:24+00:00\",\"breadcrumb\":{\"@id\":\"https:\\\/\\\/bulirsch.eu\\\/home\\\/presse\\\/#breadcrumb\"},\"inLanguage\":\"de\",\"potentialAction\":[{\"@type\":\"ReadAction\",\"target\":[\"https:\\\/\\\/bulirsch.eu\\\/home\\\/presse\\\/\"]}]},{\"@type\":\"BreadcrumbList\",\"@id\":\"https:\\\/\\\/bulirsch.eu\\\/home\\\/presse\\\/#breadcrumb\",\"itemListElement\":[{\"@type\":\"ListItem\",\"position\":1,\"name\":\"Home\",\"item\":\"https:\\\/\\\/bulirsch.eu\\\/home\\\/\"},{\"@type\":\"ListItem\",\"position\":2,\"name\":\"Presse\"}]},{\"@type\":\"WebSite\",\"@id\":\"https:\\\/\\\/bulirsch.eu\\\/home\\\/#website\",\"url\":\"https:\\\/\\\/bulirsch.eu\\\/home\\\/\",\"name\":\"Univ.-Prof. em. Dr. rer.nat. Dr. h.c. mult. Roland Zden\u011bk Bulirsch (Bul\u00ed\u0159)\",\"description\":\"\",\"potentialAction\":[{\"@type\":\"SearchAction\",\"target\":{\"@type\":\"EntryPoint\",\"urlTemplate\":\"https:\\\/\\\/bulirsch.eu\\\/home\\\/?s={search_term_string}\"},\"query-input\":{\"@type\":\"PropertyValueSpecification\",\"valueRequired\":true,\"valueName\":\"search_term_string\"}}],\"inLanguage\":\"de\"}]}<\/script>\n<!-- \/ Yoast SEO plugin. -->","yoast_head_json":{"title":"Presse - Univ.-Prof. em. Dr. rer.nat. Dr. h.c. mult. Roland Zden\u011bk Bulirsch (Bul\u00ed\u0159)","robots":{"index":"index","follow":"follow","max-snippet":"max-snippet:-1","max-image-preview":"max-image-preview:large","max-video-preview":"max-video-preview:-1"},"canonical":"https:\/\/bulirsch.eu\/home\/presse\/","og_locale":"de_DE","og_type":"article","og_title":"Presse - Univ.-Prof. em. Dr. rer.nat. Dr. h.c. mult. Roland Zden\u011bk Bulirsch (Bul\u00ed\u0159)","og_description":"Verleihung der Ehrendoktorw\u00fcrde an der TU Liberec am 8.11.2000 Presse Laudatio Rede deutsch Rede tschechisch Virtual Reality &#8211; Symbiosis of Science and Art Virtuelle Welten &#8211; Wirklichkeit aus dem Rechner Der Professor in der Lederkluft","og_url":"https:\/\/bulirsch.eu\/home\/presse\/","og_site_name":"Univ.-Prof. em. Dr. rer.nat. Dr. h.c. mult. Roland Zden\u011bk Bulirsch (Bul\u00ed\u0159)","article_modified_time":"2020-04-12T17:07:24+00:00","twitter_card":"summary_large_image","schema":{"@context":"https:\/\/schema.org","@graph":[{"@type":"WebPage","@id":"https:\/\/bulirsch.eu\/home\/presse\/","url":"https:\/\/bulirsch.eu\/home\/presse\/","name":"Presse - Univ.-Prof. em. Dr. rer.nat. Dr. h.c. mult. Roland Zden\u011bk Bulirsch (Bul\u00ed\u0159)","isPartOf":{"@id":"https:\/\/bulirsch.eu\/home\/#website"},"datePublished":"2020-04-11T17:26:50+00:00","dateModified":"2020-04-12T17:07:24+00:00","breadcrumb":{"@id":"https:\/\/bulirsch.eu\/home\/presse\/#breadcrumb"},"inLanguage":"de","potentialAction":[{"@type":"ReadAction","target":["https:\/\/bulirsch.eu\/home\/presse\/"]}]},{"@type":"BreadcrumbList","@id":"https:\/\/bulirsch.eu\/home\/presse\/#breadcrumb","itemListElement":[{"@type":"ListItem","position":1,"name":"Home","item":"https:\/\/bulirsch.eu\/home\/"},{"@type":"ListItem","position":2,"name":"Presse"}]},{"@type":"WebSite","@id":"https:\/\/bulirsch.eu\/home\/#website","url":"https:\/\/bulirsch.eu\/home\/","name":"Univ.-Prof. em. Dr. rer.nat. Dr. h.c. mult. Roland Zden\u011bk Bulirsch (Bul\u00ed\u0159)","description":"","potentialAction":[{"@type":"SearchAction","target":{"@type":"EntryPoint","urlTemplate":"https:\/\/bulirsch.eu\/home\/?s={search_term_string}"},"query-input":{"@type":"PropertyValueSpecification","valueRequired":true,"valueName":"search_term_string"}}],"inLanguage":"de"}]}},"_links":{"self":[{"href":"https:\/\/bulirsch.eu\/home\/wp-json\/wp\/v2\/pages\/182","targetHints":{"allow":["GET"]}}],"collection":[{"href":"https:\/\/bulirsch.eu\/home\/wp-json\/wp\/v2\/pages"}],"about":[{"href":"https:\/\/bulirsch.eu\/home\/wp-json\/wp\/v2\/types\/page"}],"author":[{"embeddable":true,"href":"https:\/\/bulirsch.eu\/home\/wp-json\/wp\/v2\/users\/1"}],"replies":[{"embeddable":true,"href":"https:\/\/bulirsch.eu\/home\/wp-json\/wp\/v2\/comments?post=182"}],"version-history":[{"count":17,"href":"https:\/\/bulirsch.eu\/home\/wp-json\/wp\/v2\/pages\/182\/revisions"}],"predecessor-version":[{"id":538,"href":"https:\/\/bulirsch.eu\/home\/wp-json\/wp\/v2\/pages\/182\/revisions\/538"}],"wp:attachment":[{"href":"https:\/\/bulirsch.eu\/home\/wp-json\/wp\/v2\/media?parent=182"}],"curies":[{"name":"wp","href":"https:\/\/api.w.org\/{rel}","templated":true}]}}