{"id":24,"date":"2020-04-11T13:41:20","date_gmt":"2020-04-11T13:41:20","guid":{"rendered":"https:\/\/bulirsch.eu\/wordpress\/?page_id=24"},"modified":"2024-09-27T17:56:34","modified_gmt":"2024-09-27T17:56:34","slug":"habilitationen","status":"publish","type":"page","link":"https:\/\/bulirsch.eu\/home\/forschunglehre\/habilitationen\/","title":{"rendered":"Habilitationen"},"content":{"rendered":"\n<p>mit Roland Z. Bulirsch als Referenten<\/p>\n\n\n\n<p>(Vergleiche bei den Diplomarbeiten auch Bock, Broy, Reithmeier und Zimmermann)<\/p>\n\n\n\n<hr class=\"wp-block-separator has-css-opacity\"\/>\n\n\n\n<h2 class=\"wp-block-heading\">1976<\/h2>\n\n\n\n<p><a href=\"http:\/\/www.zib.de\/deuflhard\/\" target=\"_blank\" rel=\"noreferrer noopener\">Deuflhard, Peter<\/a><\/p>\n\n\n\n<h2 class=\"wp-block-heading\">1977<\/h2>\n\n\n\n<p><a href=\"http:\/\/www.numerik.uni-kiel.de\/wh\/\" target=\"_blank\" rel=\"noreferrer noopener\">Hackbusch, Wolfgang<\/a><\/p>\n\n\n\n<h2 class=\"wp-block-heading\">1978<\/h2>\n\n\n\n<p><a href=\"https:\/\/www.uni-muenster.de\/AMM\/emeriti\/maurer\/\" target=\"_blank\" rel=\"noreferrer noopener\">Maurer, Helmut<\/a><\/p>\n\n\n\n<h2 class=\"wp-block-heading\">1982<\/h2>\n\n\n\n<p><a href=\"http:\/\/euklid.mi.uni-koeln.de\/~seydel\/\" target=\"_blank\" rel=\"noreferrer noopener\">Seydel, R\u00fcdiger<\/a><\/p>\n\n\n\n<h2 class=\"wp-block-heading\">1983<\/h2>\n\n\n\n<p><a href=\"https:\/\/portal.fis.tum.de\/de\/persons\/peter-rentrop\" target=\"_blank\" rel=\"noreferrer noopener\">Rentrop, Peter<\/a><br><a href=\"http:\/\/www.math.uni-hamburg.de\/home\/oberle\/\" target=\"_blank\" rel=\"noreferrer noopener\">Oberle, Hans Joachim<\/a><\/p>\n\n\n\n<h2 class=\"wp-block-heading\">1984<\/h2>\n\n\n\n<p><a href=\"https:\/\/www.uni-regensburg.de\/wirtschaftswissenschaften\/wi-lory\/publikationen\/index.html\" target=\"_blank\" rel=\"noreferrer noopener\">Lory, Peter<\/a><\/p>\n\n\n\n<h2 class=\"wp-block-heading\">1986<\/h2>\n\n\n\n<p><a href=\"http:\/\/www.uni-bayreuth.de\/departments\/ingenieurmathematik\/Pesch\/\" target=\"_blank\" rel=\"noreferrer noopener\">Pesch, Hans Josef<\/a><\/p>\n\n\n\n<h2 class=\"wp-block-heading\">1995<\/h2>\n\n\n\n<p><a href=\"https:\/\/math-inf.uni-greifswald.de\/institut\/ueber-uns\/mitarbeitende\/kugelmann\/\" target=\"_blank\" rel=\"noreferrer noopener\">Kugelmann, Bernd<\/a><br><a href=\"http:\/\/www.mathematik.tu-darmstadt.de\/~kiehl\/\" target=\"_blank\" rel=\"noreferrer noopener\">Kiehl, Martin<\/a><\/p>\n\n\n\n<h2 class=\"wp-block-heading\">2000<\/h2>\n\n\n\n<p><a href=\"http:\/\/www-m2.ma.tum.de\/homepages\/callies\/\" target=\"_blank\" rel=\"noreferrer noopener\">Callies, Rainer<\/a><br><a href=\"https:\/\/www.mathgenealogy.org\/id.php?id=58886\" target=\"_blank\" rel=\"noreferrer noopener\">von Stryk, Oskar<\/a><\/p>\n","protected":false},"excerpt":{"rendered":"<p>mit Roland Z. Bulirsch als Referenten (Vergleiche bei den Diplomarbeiten auch Bock, Broy, Reithmeier und Zimmermann) 1976 Deuflhard, Peter 1977 Hackbusch, Wolfgang 1978 Maurer, Helmut 1982 Seydel, R\u00fcdiger 1983 Rentrop, PeterOberle, Hans Joachim 1984 Lory, Peter 1986 Pesch, Hans Josef 1995 Kugelmann, BerndKiehl, Martin 2000 Callies, Rainervon Stryk, Oskar<\/p>\n","protected":false},"author":1,"featured_media":0,"parent":12,"menu_order":3,"comment_status":"closed","ping_status":"closed","template":"","meta":{"footnotes":""},"class_list":["post-24","page","type-page","status-publish","hentry"],"yoast_head":"<!-- This site is optimized with the Yoast SEO plugin v27.5 - https:\/\/yoast.com\/product\/yoast-seo-wordpress\/ -->\n<title>Habilitationen - Univ.-Prof. em. Dr. rer.nat. Dr. h.c. mult. Roland Zden\u011bk Bulirsch (Bul\u00ed\u0159)<\/title>\n<meta name=\"robots\" content=\"index, follow, max-snippet:-1, max-image-preview:large, max-video-preview:-1\" \/>\n<link rel=\"canonical\" href=\"https:\/\/bulirsch.eu\/home\/forschunglehre\/habilitationen\/\" \/>\n<meta property=\"og:locale\" content=\"de_DE\" \/>\n<meta property=\"og:type\" content=\"article\" \/>\n<meta property=\"og:title\" content=\"Habilitationen - Univ.-Prof. em. Dr. rer.nat. Dr. h.c. mult. Roland Zden\u011bk Bulirsch (Bul\u00ed\u0159)\" \/>\n<meta property=\"og:description\" content=\"mit Roland Z. Bulirsch als Referenten (Vergleiche bei den Diplomarbeiten auch Bock, Broy, Reithmeier und Zimmermann) 1976 Deuflhard, Peter 1977 Hackbusch, Wolfgang 1978 Maurer, Helmut 1982 Seydel, R\u00fcdiger 1983 Rentrop, PeterOberle, Hans Joachim 1984 Lory, Peter 1986 Pesch, Hans Josef 1995 Kugelmann, BerndKiehl, Martin 2000 Callies, Rainervon Stryk, Oskar\" \/>\n<meta property=\"og:url\" content=\"https:\/\/bulirsch.eu\/home\/forschunglehre\/habilitationen\/\" \/>\n<meta property=\"og:site_name\" content=\"Univ.-Prof. em. Dr. rer.nat. Dr. h.c. mult. Roland Zden\u011bk Bulirsch (Bul\u00ed\u0159)\" \/>\n<meta property=\"article:modified_time\" content=\"2024-09-27T17:56:34+00:00\" \/>\n<meta name=\"twitter:card\" content=\"summary_large_image\" \/>\n<meta name=\"twitter:label1\" content=\"Gesch\u00e4tzte Lesezeit\" \/>\n\t<meta name=\"twitter:data1\" content=\"1\u00a0Minute\" \/>\n<script type=\"application\/ld+json\" class=\"yoast-schema-graph\">{\"@context\":\"https:\\\/\\\/schema.org\",\"@graph\":[{\"@type\":\"WebPage\",\"@id\":\"https:\\\/\\\/bulirsch.eu\\\/home\\\/forschunglehre\\\/habilitationen\\\/\",\"url\":\"https:\\\/\\\/bulirsch.eu\\\/home\\\/forschunglehre\\\/habilitationen\\\/\",\"name\":\"Habilitationen - Univ.-Prof. em. Dr. rer.nat. Dr. h.c. mult. Roland Zden\u011bk Bulirsch (Bul\u00ed\u0159)\",\"isPartOf\":{\"@id\":\"https:\\\/\\\/bulirsch.eu\\\/home\\\/#website\"},\"datePublished\":\"2020-04-11T13:41:20+00:00\",\"dateModified\":\"2024-09-27T17:56:34+00:00\",\"breadcrumb\":{\"@id\":\"https:\\\/\\\/bulirsch.eu\\\/home\\\/forschunglehre\\\/habilitationen\\\/#breadcrumb\"},\"inLanguage\":\"de\",\"potentialAction\":[{\"@type\":\"ReadAction\",\"target\":[\"https:\\\/\\\/bulirsch.eu\\\/home\\\/forschunglehre\\\/habilitationen\\\/\"]}]},{\"@type\":\"BreadcrumbList\",\"@id\":\"https:\\\/\\\/bulirsch.eu\\\/home\\\/forschunglehre\\\/habilitationen\\\/#breadcrumb\",\"itemListElement\":[{\"@type\":\"ListItem\",\"position\":1,\"name\":\"Home\",\"item\":\"https:\\\/\\\/bulirsch.eu\\\/home\\\/\"},{\"@type\":\"ListItem\",\"position\":2,\"name\":\"Forschung&#038;Lehre\",\"item\":\"https:\\\/\\\/bulirsch.eu\\\/home\\\/forschunglehre\\\/\"},{\"@type\":\"ListItem\",\"position\":3,\"name\":\"Habilitationen\"}]},{\"@type\":\"WebSite\",\"@id\":\"https:\\\/\\\/bulirsch.eu\\\/home\\\/#website\",\"url\":\"https:\\\/\\\/bulirsch.eu\\\/home\\\/\",\"name\":\"Univ.-Prof. em. Dr. rer.nat. Dr. h.c. mult. Roland Zden\u011bk Bulirsch (Bul\u00ed\u0159)\",\"description\":\"\",\"potentialAction\":[{\"@type\":\"SearchAction\",\"target\":{\"@type\":\"EntryPoint\",\"urlTemplate\":\"https:\\\/\\\/bulirsch.eu\\\/home\\\/?s={search_term_string}\"},\"query-input\":{\"@type\":\"PropertyValueSpecification\",\"valueRequired\":true,\"valueName\":\"search_term_string\"}}],\"inLanguage\":\"de\"}]}<\/script>\n<!-- \/ Yoast SEO plugin. -->","yoast_head_json":{"title":"Habilitationen - Univ.-Prof. em. Dr. rer.nat. Dr. h.c. mult. Roland Zden\u011bk Bulirsch (Bul\u00ed\u0159)","robots":{"index":"index","follow":"follow","max-snippet":"max-snippet:-1","max-image-preview":"max-image-preview:large","max-video-preview":"max-video-preview:-1"},"canonical":"https:\/\/bulirsch.eu\/home\/forschunglehre\/habilitationen\/","og_locale":"de_DE","og_type":"article","og_title":"Habilitationen - Univ.-Prof. em. Dr. rer.nat. Dr. h.c. mult. Roland Zden\u011bk Bulirsch (Bul\u00ed\u0159)","og_description":"mit Roland Z. Bulirsch als Referenten (Vergleiche bei den Diplomarbeiten auch Bock, Broy, Reithmeier und Zimmermann) 1976 Deuflhard, Peter 1977 Hackbusch, Wolfgang 1978 Maurer, Helmut 1982 Seydel, R\u00fcdiger 1983 Rentrop, PeterOberle, Hans Joachim 1984 Lory, Peter 1986 Pesch, Hans Josef 1995 Kugelmann, BerndKiehl, Martin 2000 Callies, Rainervon Stryk, Oskar","og_url":"https:\/\/bulirsch.eu\/home\/forschunglehre\/habilitationen\/","og_site_name":"Univ.-Prof. em. Dr. rer.nat. Dr. h.c. mult. Roland Zden\u011bk Bulirsch (Bul\u00ed\u0159)","article_modified_time":"2024-09-27T17:56:34+00:00","twitter_card":"summary_large_image","twitter_misc":{"Gesch\u00e4tzte Lesezeit":"1\u00a0Minute"},"schema":{"@context":"https:\/\/schema.org","@graph":[{"@type":"WebPage","@id":"https:\/\/bulirsch.eu\/home\/forschunglehre\/habilitationen\/","url":"https:\/\/bulirsch.eu\/home\/forschunglehre\/habilitationen\/","name":"Habilitationen - Univ.-Prof. em. Dr. rer.nat. Dr. h.c. mult. Roland Zden\u011bk Bulirsch (Bul\u00ed\u0159)","isPartOf":{"@id":"https:\/\/bulirsch.eu\/home\/#website"},"datePublished":"2020-04-11T13:41:20+00:00","dateModified":"2024-09-27T17:56:34+00:00","breadcrumb":{"@id":"https:\/\/bulirsch.eu\/home\/forschunglehre\/habilitationen\/#breadcrumb"},"inLanguage":"de","potentialAction":[{"@type":"ReadAction","target":["https:\/\/bulirsch.eu\/home\/forschunglehre\/habilitationen\/"]}]},{"@type":"BreadcrumbList","@id":"https:\/\/bulirsch.eu\/home\/forschunglehre\/habilitationen\/#breadcrumb","itemListElement":[{"@type":"ListItem","position":1,"name":"Home","item":"https:\/\/bulirsch.eu\/home\/"},{"@type":"ListItem","position":2,"name":"Forschung&#038;Lehre","item":"https:\/\/bulirsch.eu\/home\/forschunglehre\/"},{"@type":"ListItem","position":3,"name":"Habilitationen"}]},{"@type":"WebSite","@id":"https:\/\/bulirsch.eu\/home\/#website","url":"https:\/\/bulirsch.eu\/home\/","name":"Univ.-Prof. em. Dr. rer.nat. Dr. h.c. mult. Roland Zden\u011bk Bulirsch (Bul\u00ed\u0159)","description":"","potentialAction":[{"@type":"SearchAction","target":{"@type":"EntryPoint","urlTemplate":"https:\/\/bulirsch.eu\/home\/?s={search_term_string}"},"query-input":{"@type":"PropertyValueSpecification","valueRequired":true,"valueName":"search_term_string"}}],"inLanguage":"de"}]}},"_links":{"self":[{"href":"https:\/\/bulirsch.eu\/home\/wp-json\/wp\/v2\/pages\/24","targetHints":{"allow":["GET"]}}],"collection":[{"href":"https:\/\/bulirsch.eu\/home\/wp-json\/wp\/v2\/pages"}],"about":[{"href":"https:\/\/bulirsch.eu\/home\/wp-json\/wp\/v2\/types\/page"}],"author":[{"embeddable":true,"href":"https:\/\/bulirsch.eu\/home\/wp-json\/wp\/v2\/users\/1"}],"replies":[{"embeddable":true,"href":"https:\/\/bulirsch.eu\/home\/wp-json\/wp\/v2\/comments?post=24"}],"version-history":[{"count":8,"href":"https:\/\/bulirsch.eu\/home\/wp-json\/wp\/v2\/pages\/24\/revisions"}],"predecessor-version":[{"id":597,"href":"https:\/\/bulirsch.eu\/home\/wp-json\/wp\/v2\/pages\/24\/revisions\/597"}],"up":[{"embeddable":true,"href":"https:\/\/bulirsch.eu\/home\/wp-json\/wp\/v2\/pages\/12"}],"wp:attachment":[{"href":"https:\/\/bulirsch.eu\/home\/wp-json\/wp\/v2\/media?parent=24"}],"curies":[{"name":"wp","href":"https:\/\/api.w.org\/{rel}","templated":true}]}}