{"id":385,"date":"2020-04-12T11:07:52","date_gmt":"2020-04-12T11:07:52","guid":{"rendered":"https:\/\/bulirsch.eu\/wordpress\/?page_id=385"},"modified":"2024-12-07T10:24:23","modified_gmt":"2024-12-07T10:24:23","slug":"publikationen","status":"publish","type":"page","link":"https:\/\/bulirsch.eu\/home\/publikationen\/","title":{"rendered":"Publikationen"},"content":{"rendered":"\n<p>Weit \u00fcber 100 Fachaufs\u00e4tze; Lehrb\u00fccher (mit Josef Stoer) in mehrere Sprachen (italienisch, polnisch, englisch, chinesisch) \u00fcbersetzt. Publikationen (einige mit Koautoren) von allgemeinem Interesse:&nbsp;<em>Sind die Mathematiker \u2013 ist die Mathematik zu etwas n\u00fctze; Mathematik und Informatik \u2013 Vom Nutzen der Formeln; Mathematik und Hochtechnologie; Metamorphose der Pflanzen und andere Wunderdinge aus dem Rechner (in tschechischer Sprache); Optimale Flugbahnen zu den Planeten \u2013 Mathematik in der Raumfahrt; Virtuelle Realit\u00e4t \u2013 Symbiose von Wissenschaft und Kunst (in englischer Sprache); Himmel und Erde messen; Triumph der geistigen Organisation \u2013 Raum, Zahl und Ma\u00df in Kunst und Literatur; Weltfahrt als Dichtung (Laudatio auf Daniel Kehlmann).<\/em><\/p>\n\n\n\n<ul class=\"wp-block-list\"><li><a href=\"https:\/\/bulirsch.eu\/publikationen\/publikationen\/\">Wissenschaftliche Publikationen<\/a><\/li><li><a href=\"https:\/\/bulirsch.eu\/publikationen\/wissenschaftliche-filme\/\">Wissenschaftliche Filme<\/a><\/li><li><a href=\"https:\/\/bulirsch.eu\/publikationen\/berichte\/\">Berichte<\/a><\/li><\/ul>\n","protected":false},"excerpt":{"rendered":"<p>Weit \u00fcber 100 Fachaufs\u00e4tze; Lehrb\u00fccher (mit Josef Stoer) in mehrere Sprachen (italienisch, polnisch, englisch, chinesisch) \u00fcbersetzt. Publikationen (einige mit Koautoren) von allgemeinem Interesse:&nbsp;Sind die Mathematiker \u2013 ist die Mathematik zu etwas n\u00fctze; Mathematik und Informatik \u2013 Vom Nutzen der Formeln; Mathematik und Hochtechnologie; Metamorphose der Pflanzen und andere Wunderdinge aus [&hellip;]<\/p>\n","protected":false},"author":1,"featured_media":0,"parent":0,"menu_order":3,"comment_status":"closed","ping_status":"closed","template":"","meta":{"footnotes":""},"class_list":["post-385","page","type-page","status-publish","hentry"],"yoast_head":"<!-- This site is optimized with the Yoast SEO plugin v27.4 - https:\/\/yoast.com\/product\/yoast-seo-wordpress\/ -->\n<title>Publikationen - Univ.-Prof. em. Dr. rer.nat. Dr. h.c. mult. Roland Zden\u011bk Bulirsch (Bul\u00ed\u0159)<\/title>\n<meta name=\"robots\" content=\"index, follow, max-snippet:-1, max-image-preview:large, max-video-preview:-1\" \/>\n<link rel=\"canonical\" href=\"https:\/\/bulirsch.eu\/home\/publikationen\/\" \/>\n<meta property=\"og:locale\" content=\"de_DE\" \/>\n<meta property=\"og:type\" content=\"article\" \/>\n<meta property=\"og:title\" content=\"Publikationen - Univ.-Prof. em. Dr. rer.nat. Dr. h.c. mult. Roland Zden\u011bk Bulirsch (Bul\u00ed\u0159)\" \/>\n<meta property=\"og:description\" content=\"Weit \u00fcber 100 Fachaufs\u00e4tze; Lehrb\u00fccher (mit Josef Stoer) in mehrere Sprachen (italienisch, polnisch, englisch, chinesisch) \u00fcbersetzt. Publikationen (einige mit Koautoren) von allgemeinem Interesse:&nbsp;Sind die Mathematiker \u2013 ist die Mathematik zu etwas n\u00fctze; Mathematik und Informatik \u2013 Vom Nutzen der Formeln; Mathematik und Hochtechnologie; Metamorphose der Pflanzen und andere Wunderdinge aus [&hellip;]\" \/>\n<meta property=\"og:url\" content=\"https:\/\/bulirsch.eu\/home\/publikationen\/\" \/>\n<meta property=\"og:site_name\" content=\"Univ.-Prof. em. Dr. rer.nat. Dr. h.c. mult. Roland Zden\u011bk Bulirsch (Bul\u00ed\u0159)\" \/>\n<meta property=\"article:modified_time\" content=\"2024-12-07T10:24:23+00:00\" \/>\n<meta name=\"twitter:card\" content=\"summary_large_image\" \/>\n<meta name=\"twitter:label1\" content=\"Gesch\u00e4tzte Lesezeit\" \/>\n\t<meta name=\"twitter:data1\" content=\"1\u00a0Minute\" \/>\n<script type=\"application\/ld+json\" class=\"yoast-schema-graph\">{\"@context\":\"https:\\\/\\\/schema.org\",\"@graph\":[{\"@type\":\"WebPage\",\"@id\":\"https:\\\/\\\/bulirsch.eu\\\/home\\\/publikationen\\\/\",\"url\":\"https:\\\/\\\/bulirsch.eu\\\/home\\\/publikationen\\\/\",\"name\":\"Publikationen - Univ.-Prof. em. Dr. rer.nat. Dr. h.c. mult. Roland Zden\u011bk Bulirsch (Bul\u00ed\u0159)\",\"isPartOf\":{\"@id\":\"https:\\\/\\\/bulirsch.eu\\\/home\\\/#website\"},\"datePublished\":\"2020-04-12T11:07:52+00:00\",\"dateModified\":\"2024-12-07T10:24:23+00:00\",\"breadcrumb\":{\"@id\":\"https:\\\/\\\/bulirsch.eu\\\/home\\\/publikationen\\\/#breadcrumb\"},\"inLanguage\":\"de\",\"potentialAction\":[{\"@type\":\"ReadAction\",\"target\":[\"https:\\\/\\\/bulirsch.eu\\\/home\\\/publikationen\\\/\"]}]},{\"@type\":\"BreadcrumbList\",\"@id\":\"https:\\\/\\\/bulirsch.eu\\\/home\\\/publikationen\\\/#breadcrumb\",\"itemListElement\":[{\"@type\":\"ListItem\",\"position\":1,\"name\":\"Home\",\"item\":\"https:\\\/\\\/bulirsch.eu\\\/home\\\/\"},{\"@type\":\"ListItem\",\"position\":2,\"name\":\"Publikationen\"}]},{\"@type\":\"WebSite\",\"@id\":\"https:\\\/\\\/bulirsch.eu\\\/home\\\/#website\",\"url\":\"https:\\\/\\\/bulirsch.eu\\\/home\\\/\",\"name\":\"Univ.-Prof. em. Dr. rer.nat. Dr. h.c. mult. Roland Zden\u011bk Bulirsch (Bul\u00ed\u0159)\",\"description\":\"\",\"potentialAction\":[{\"@type\":\"SearchAction\",\"target\":{\"@type\":\"EntryPoint\",\"urlTemplate\":\"https:\\\/\\\/bulirsch.eu\\\/home\\\/?s={search_term_string}\"},\"query-input\":{\"@type\":\"PropertyValueSpecification\",\"valueRequired\":true,\"valueName\":\"search_term_string\"}}],\"inLanguage\":\"de\"}]}<\/script>\n<!-- \/ Yoast SEO plugin. -->","yoast_head_json":{"title":"Publikationen - Univ.-Prof. em. Dr. rer.nat. Dr. h.c. mult. Roland Zden\u011bk Bulirsch (Bul\u00ed\u0159)","robots":{"index":"index","follow":"follow","max-snippet":"max-snippet:-1","max-image-preview":"max-image-preview:large","max-video-preview":"max-video-preview:-1"},"canonical":"https:\/\/bulirsch.eu\/home\/publikationen\/","og_locale":"de_DE","og_type":"article","og_title":"Publikationen - Univ.-Prof. em. Dr. rer.nat. Dr. h.c. mult. Roland Zden\u011bk Bulirsch (Bul\u00ed\u0159)","og_description":"Weit \u00fcber 100 Fachaufs\u00e4tze; Lehrb\u00fccher (mit Josef Stoer) in mehrere Sprachen (italienisch, polnisch, englisch, chinesisch) \u00fcbersetzt. Publikationen (einige mit Koautoren) von allgemeinem Interesse:&nbsp;Sind die Mathematiker \u2013 ist die Mathematik zu etwas n\u00fctze; Mathematik und Informatik \u2013 Vom Nutzen der Formeln; Mathematik und Hochtechnologie; Metamorphose der Pflanzen und andere Wunderdinge aus [&hellip;]","og_url":"https:\/\/bulirsch.eu\/home\/publikationen\/","og_site_name":"Univ.-Prof. em. Dr. rer.nat. Dr. h.c. mult. Roland Zden\u011bk Bulirsch (Bul\u00ed\u0159)","article_modified_time":"2024-12-07T10:24:23+00:00","twitter_card":"summary_large_image","twitter_misc":{"Gesch\u00e4tzte Lesezeit":"1\u00a0Minute"},"schema":{"@context":"https:\/\/schema.org","@graph":[{"@type":"WebPage","@id":"https:\/\/bulirsch.eu\/home\/publikationen\/","url":"https:\/\/bulirsch.eu\/home\/publikationen\/","name":"Publikationen - Univ.-Prof. em. Dr. rer.nat. Dr. h.c. mult. Roland Zden\u011bk Bulirsch (Bul\u00ed\u0159)","isPartOf":{"@id":"https:\/\/bulirsch.eu\/home\/#website"},"datePublished":"2020-04-12T11:07:52+00:00","dateModified":"2024-12-07T10:24:23+00:00","breadcrumb":{"@id":"https:\/\/bulirsch.eu\/home\/publikationen\/#breadcrumb"},"inLanguage":"de","potentialAction":[{"@type":"ReadAction","target":["https:\/\/bulirsch.eu\/home\/publikationen\/"]}]},{"@type":"BreadcrumbList","@id":"https:\/\/bulirsch.eu\/home\/publikationen\/#breadcrumb","itemListElement":[{"@type":"ListItem","position":1,"name":"Home","item":"https:\/\/bulirsch.eu\/home\/"},{"@type":"ListItem","position":2,"name":"Publikationen"}]},{"@type":"WebSite","@id":"https:\/\/bulirsch.eu\/home\/#website","url":"https:\/\/bulirsch.eu\/home\/","name":"Univ.-Prof. em. Dr. rer.nat. Dr. h.c. mult. Roland Zden\u011bk Bulirsch (Bul\u00ed\u0159)","description":"","potentialAction":[{"@type":"SearchAction","target":{"@type":"EntryPoint","urlTemplate":"https:\/\/bulirsch.eu\/home\/?s={search_term_string}"},"query-input":{"@type":"PropertyValueSpecification","valueRequired":true,"valueName":"search_term_string"}}],"inLanguage":"de"}]}},"_links":{"self":[{"href":"https:\/\/bulirsch.eu\/home\/wp-json\/wp\/v2\/pages\/385","targetHints":{"allow":["GET"]}}],"collection":[{"href":"https:\/\/bulirsch.eu\/home\/wp-json\/wp\/v2\/pages"}],"about":[{"href":"https:\/\/bulirsch.eu\/home\/wp-json\/wp\/v2\/types\/page"}],"author":[{"embeddable":true,"href":"https:\/\/bulirsch.eu\/home\/wp-json\/wp\/v2\/users\/1"}],"replies":[{"embeddable":true,"href":"https:\/\/bulirsch.eu\/home\/wp-json\/wp\/v2\/comments?post=385"}],"version-history":[{"count":7,"href":"https:\/\/bulirsch.eu\/home\/wp-json\/wp\/v2\/pages\/385\/revisions"}],"predecessor-version":[{"id":732,"href":"https:\/\/bulirsch.eu\/home\/wp-json\/wp\/v2\/pages\/385\/revisions\/732"}],"wp:attachment":[{"href":"https:\/\/bulirsch.eu\/home\/wp-json\/wp\/v2\/media?parent=385"}],"curies":[{"name":"wp","href":"https:\/\/api.w.org\/{rel}","templated":true}]}}